{"id":18493,"date":"2017-04-12T11:09:31","date_gmt":"2017-04-12T11:09:31","guid":{"rendered":"http:\/\/haleh.vahid.es\/?page_id=18493"},"modified":"2019-09-11T12:34:21","modified_gmt":"2019-09-11T10:34:21","slug":"quienes-somos","status":"publish","type":"page","link":"https:\/\/inmobiliariahaleh.com\/fa\/quienes-somos\/","title":{"rendered":"Qui\u00e9nes somos"},"content":{"rendered":"<div class=\"wpb-content-wrapper\"><p>[vc_row full_width=&#8221;stretch_row_content_no_spaces&#8221;][vc_column][vc_single_image image=&#8221;18502&#8243; img_size=&#8221;full&#8221; alignment=&#8221;center&#8221; el_class=&#8221;quienes-somos-header&#8221;][\/vc_column][\/vc_row][vc_row css=&#8221;.vc_custom_1494621196959{padding-top: 35px !important;}&#8221;][vc_column width=&#8221;1\/6&#8243;][\/vc_column][vc_column width=&#8221;2\/3&#8243;][vc_column_text css_animation=&#8221;fadeIn&#8221;]<\/p>\n<h1><strong>\u00a1Con\u00f3cenos!<\/strong><\/h1>\n<p>&nbsp;<\/p>\n<p><span style=\"font-weight: 400;\">Inmobiliaria Haleh es una empresa familiar, dedicada a <\/span><b>la facilitaci\u00f3n de la compraventa de inmuebles en la zona entre Marbella y Estepona<\/b><span style=\"font-weight: 400;\">.\u00a0<\/span><span style=\"font-weight: 400;\">\u00a0<\/span><\/p>\n<p>&nbsp;<\/p>\n<p>Trabajamos con un c\u00f3digo \u00e9tico, que\u00a0parte de la aceptaci\u00f3n de unos determinados valores y normas \u00e9ticas. Estos valores se traducen en una serie de pr\u00e1cticas profesionales que en\u00a0\u00a0<em>Inmobiliaria Haleh\u00a0<\/em>nos comprometemos a realizar.\u00a0Esto garantiza a nuestros clientes el trato adecuado y el servicio profesional necesarios.<\/p>\n<p>&nbsp;<\/p>\n<p>Entendemos que hay muchas maneras de hacer un trabajo, y por eso deseamos mostrarte la nuestra.<\/p>\n<p>&nbsp;<\/p>\n<p>Como profesionales del asesoramiento inmobiliario nos comprometemos a:<\/p>\n<ul class=\"fa-ul\">\n<li><i class=\"fa fa-check\"><\/i>Hacer todo lo necesario para cumplir con la tarea que nos sea asignada.<\/li>\n<li><i class=\"fa fa-check\"><\/i>Proteger y promover los intereses leg\u00edtimos de nuestros clientes. Esto incluye a todas las partes interesadas, e implica un deber de asesoramiento, respeto de los derechos y trato equitativo hacia todas las partes interesadas.<\/li>\n<li><i class=\"fa fa-check\"><\/i>No discriminar por motivos de raza, creencia, sexo, nacionalidad y otros motivos.<\/li>\n<li><i class=\"fa fa-check\"><\/i>No utilizar cualquier informaci\u00f3n proporcionada por nuestros clientes para otras acciones desvinculadas de nuestra labor sin su consentimiento.<\/li>\n<li><i class=\"fa fa-check\"><\/i>Abstenernos de compartir cualquier informaci\u00f3n proporcionada por un cliente con terceras personas.<\/li>\n<li><i class=\"fa fa-check\"><\/i>Abstenernos de hacer publicidad falsa o que perjudique a la profesi\u00f3n.<\/li>\n<li><i class=\"fa fa-check\"><\/i>Actuar con honradez, honestidad y transparencia.<\/li>\n<li><i class=\"fa fa-check\"><\/i>Informar verazmente sobre los distintos aspectos relacionados con la actividad inmobiliaria. El \u00fanico l\u00edmite lo marcar\u00e1 el secreto profesional.<\/li>\n<\/ul>\n<p>[\/vc_column_text][\/vc_column][vc_column width=&#8221;1\/6&#8243;][\/vc_column][\/vc_row][vc_row bg_type=&#8221;bg_color&#8221; bg_override=&#8221;full&#8221; bg_color_value=&#8221;#70a6d8&#8243; css=&#8221;.vc_custom_1492008712325{margin-bottom: -60px !important;padding-top: 50px !important;padding-bottom: 50px !important;}&#8221;][vc_column width=&#8221;1\/3&#8243;][vc_column_text]<\/p>\n<h2><strong><span style=\"color: #ffffff;\">Cont\u00e1ctanos<\/span><\/strong><\/h2>\n<p>[\/vc_column_text][vc_single_image image=&#8221;18525&#8243; img_size=&#8221;large&#8221;][vc_column_text]<span style=\"color: #ffffff;\">Haleh Owrang<\/span><br \/>\n<span style=\"color: #ffffff;\"><strong>Asesora inmobiliaria<br \/>\nhaleh@InmobiliariaHaleh.com<br \/>\n<\/strong>(+34) 654 011 004<\/span>[\/vc_column_text][\/vc_column][vc_column width=&#8221;2\/3&#8243; css=&#8221;.vc_custom_1495705748760{margin-top: 45px !important;}&#8221;]\n<div class=\"wpcf7 no-js\" id=\"wpcf7-f18748-o2\" lang=\"es-ES\" dir=\"ltr\">\n<div class=\"screen-reader-response\"><p role=\"status\" aria-live=\"polite\" aria-atomic=\"true\"><\/p> <ul><\/ul><\/div>\n<form action=\"\/fa\/wp-json\/wp\/v2\/pages\/18493#wpcf7-f18748-o2\" method=\"post\" class=\"wpcf7-form init\" aria-label=\"Formulario de contacto\" novalidate=\"novalidate\" data-status=\"init\">\n<div style=\"display: none;\">\n<input type=\"hidden\" name=\"_wpcf7\" value=\"18748\" \/>\n<input type=\"hidden\" name=\"_wpcf7_version\" value=\"5.8.5\" \/>\n<input type=\"hidden\" name=\"_wpcf7_locale\" value=\"es_ES\" \/>\n<input type=\"hidden\" name=\"_wpcf7_unit_tag\" value=\"wpcf7-f18748-o2\" \/>\n<input type=\"hidden\" name=\"_wpcf7_container_post\" value=\"0\" \/>\n<input type=\"hidden\" name=\"_wpcf7_posted_data_hash\" value=\"\" \/>\n<\/div>\n<div id=\"contacto-form\">\n\t<div class=\"row\">\n\t\t<div class=\"col-md-4\">\n\t\t\t<p><span class=\"wpcf7-form-control-wrap\" data-name=\"nombre\"><input size=\"40\" class=\"wpcf7-form-control wpcf7-text wpcf7-validates-as-required\" aria-required=\"true\" aria-invalid=\"false\" placeholder=\"Nombre*\" value=\"\" type=\"text\" name=\"nombre\" \/><\/span>\n\t\t\t<\/p>\n\t\t<\/div>\n\t\t<div class=\"col-md-4\">\n\t\t\t<p><span class=\"wpcf7-form-control-wrap\" data-name=\"email\"><input size=\"40\" class=\"wpcf7-form-control wpcf7-email wpcf7-validates-as-required wpcf7-text wpcf7-validates-as-email\" aria-required=\"true\" aria-invalid=\"false\" placeholder=\"Email*\" value=\"\" type=\"email\" name=\"email\" \/><\/span>\n\t\t\t<\/p>\n\t\t<\/div>\n\t\t<div class=\"col-md-4\">\n\t\t\t<p><span class=\"wpcf7-form-control-wrap\" data-name=\"phone\"><input size=\"40\" class=\"wpcf7-form-control wpcf7-tel wpcf7-text wpcf7-validates-as-tel\" aria-invalid=\"false\" placeholder=\"Tel\u00e9fono\" value=\"\" type=\"tel\" name=\"phone\" \/><\/span>\n\t\t\t<\/p>\n\t\t<\/div>\n\t<\/div>\n\t<div class=\"row\">\n\t\t<div class=\"col-md-12\">\n\t\t\t<p><span class=\"wpcf7-form-control-wrap\" data-name=\"mensaje\"><textarea cols=\"40\" rows=\"4\" class=\"wpcf7-form-control wpcf7-textarea\" aria-invalid=\"false\" placeholder=\"Escriba aqu\u00ed su mensaje.\" name=\"mensaje\"><\/textarea><\/span><br \/>\n<small style=\"color:#fff;\"><em>El env\u00edo del formulario implica la aceptaci\u00f3n de la <a href=\"\/politica-de-privacidad\/\" style=\"color:#fff;\" target=\"_blank\"><u>pol\u00edtica de privacidad de Inmobiliaria Haleh<\/u><\/a>.<\/em><\/small><br \/>\n<input class=\"wpcf7-form-control wpcf7-submit has-spinner\" type=\"submit\" value=\"Enviar mensaje\" \/>\n\t\t\t<\/p>\n\t\t<\/div>\n\t<\/div>\n<\/div><div class=\"wpcf7-response-output\" aria-hidden=\"true\"><\/div>\n<\/form>\n<\/div>\n[\/vc_column][\/vc_row]<\/p>\n<\/div>","protected":false},"excerpt":{"rendered":"<p>[vc_row full_width=&#8221;stretch_row_content_no_spaces&#8221;][vc_column][vc_single_image image=&#8221;18502&#8243; img_size=&#8221;full&#8221; alignment=&#8221;center&#8221; el_class=&#8221;quienes-somos-header&#8221;][\/vc_column][\/vc_row][vc_row css=&#8221;.vc_custom_1494621196959{padding-top: 35px !important;}&#8221;][vc_column width=&#8221;1\/6&#8243;][\/vc_column][vc_column width=&#8221;2\/3&#8243;][vc_column_text css_animation=&#8221;fadeIn&#8221;] \u00a1Con\u00f3cenos! &nbsp; Inmobiliaria Haleh es una empresa familiar, dedicada a la facilitaci\u00f3n de la compraventa de inmuebles en la zona entre Marbella y Estepona.\u00a0\u00a0 &nbsp; Trabajamos con un c\u00f3digo \u00e9tico, que\u00a0parte de la aceptaci\u00f3n de unos determinados valores y normas \u00e9ticas. Estos valores se traducen en una serie de pr\u00e1cticas profesionales que &#8230;<\/p>\n","protected":false},"author":1,"featured_media":18467,"parent":0,"menu_order":0,"comment_status":"closed","ping_status":"closed","template":"","meta":{"footnotes":""},"yoast_head":"<!-- This site is optimized with the Yoast SEO plugin v21.7 - https:\/\/yoast.com\/wordpress\/plugins\/seo\/ -->\n<title>Qui\u00e9nes somos &#8211; Inmobiliaria Haleh<\/title>\n<meta name=\"description\" content=\"Empresa familiar, dedicada a la facilitaci\u00f3n de la compraventa de inmuebles en la zona de Marbella. Nos diferencia nuestro at\u00edpico sistema de trabajo.\" \/>\n<meta name=\"robots\" content=\"index, follow, max-snippet:-1, max-image-preview:large, max-video-preview:-1\" \/>\n<link rel=\"canonical\" href=\"https:\/\/inmobiliariahaleh.com\/quienes-somos\/\" \/>\n<meta property=\"og:locale\" content=\"es_ES\" \/>\n<meta property=\"og:type\" content=\"article\" \/>\n<meta property=\"og:title\" content=\"Qui\u00e9nes somos &#8211; Inmobiliaria Haleh\" \/>\n<meta property=\"og:description\" content=\"Empresa familiar, dedicada a la facilitaci\u00f3n de la compraventa de inmuebles en la zona de Marbella. Nos diferencia nuestro at\u00edpico sistema de trabajo.\" \/>\n<meta property=\"og:url\" content=\"https:\/\/inmobiliariahaleh.com\/quienes-somos\/\" \/>\n<meta property=\"og:site_name\" content=\"Inmobiliaria Haleh\" \/>\n<meta property=\"article:publisher\" content=\"https:\/\/www.facebook.com\/InmobiliariaHaleh\" \/>\n<meta property=\"article:modified_time\" content=\"2019-09-11T10:34:21+00:00\" \/>\n<meta property=\"og:image\" content=\"https:\/\/inmobiliariahaleh.com\/wp-content\/uploads\/2016\/08\/Idea-home-3-1024x712.jpg\" \/>\n\t<meta property=\"og:image:width\" content=\"1024\" \/>\n\t<meta property=\"og:image:height\" content=\"712\" \/>\n\t<meta property=\"og:image:type\" content=\"image\/jpeg\" \/>\n<meta name=\"twitter:card\" content=\"summary_large_image\" \/>\n<meta name=\"twitter:label1\" content=\"Tiempo de lectura\" \/>\n\t<meta name=\"twitter:data1\" content=\"4 minutos\" \/>\n<script type=\"application\/ld+json\" class=\"yoast-schema-graph\">{\"@context\":\"https:\/\/schema.org\",\"@graph\":[{\"@type\":\"WebPage\",\"@id\":\"https:\/\/inmobiliariahaleh.com\/quienes-somos\/\",\"url\":\"https:\/\/inmobiliariahaleh.com\/quienes-somos\/\",\"name\":\"Qui\u00e9nes somos &#8211; Inmobiliaria Haleh\",\"isPartOf\":{\"@id\":\"https:\/\/inmobiliariahaleh.com\/#website\"},\"datePublished\":\"2017-04-12T11:09:31+00:00\",\"dateModified\":\"2019-09-11T10:34:21+00:00\",\"description\":\"Empresa familiar, dedicada a la facilitaci\u00f3n de la compraventa de inmuebles en la zona de Marbella. Nos diferencia nuestro at\u00edpico sistema de trabajo.\",\"breadcrumb\":{\"@id\":\"https:\/\/inmobiliariahaleh.com\/quienes-somos\/#breadcrumb\"},\"inLanguage\":\"es-AR\",\"potentialAction\":[{\"@type\":\"ReadAction\",\"target\":[\"https:\/\/inmobiliariahaleh.com\/quienes-somos\/\"]}]},{\"@type\":\"BreadcrumbList\",\"@id\":\"https:\/\/inmobiliariahaleh.com\/quienes-somos\/#breadcrumb\",\"itemListElement\":[{\"@type\":\"ListItem\",\"position\":1,\"name\":\"Portada\",\"item\":\"https:\/\/inmobiliariahaleh.com\/\"},{\"@type\":\"ListItem\",\"position\":2,\"name\":\"Qui\u00e9nes somos\"}]},{\"@type\":\"WebSite\",\"@id\":\"https:\/\/inmobiliariahaleh.com\/#website\",\"url\":\"https:\/\/inmobiliariahaleh.com\/\",\"name\":\"Haleh Inmobiliaria\",\"description\":\"Compra o vende tu casa en Marbella\",\"publisher\":{\"@id\":\"https:\/\/inmobiliariahaleh.com\/#organization\"},\"potentialAction\":[{\"@type\":\"SearchAction\",\"target\":{\"@type\":\"EntryPoint\",\"urlTemplate\":\"https:\/\/inmobiliariahaleh.com\/?s={search_term_string}\"},\"query-input\":\"required name=search_term_string\"}],\"inLanguage\":\"es-AR\"},{\"@type\":\"Organization\",\"@id\":\"https:\/\/inmobiliariahaleh.com\/#organization\",\"name\":\"Inmobiliaria Haleh\",\"url\":\"https:\/\/inmobiliariahaleh.com\/\",\"logo\":{\"@type\":\"ImageObject\",\"inLanguage\":\"es-AR\",\"@id\":\"https:\/\/inmobiliariahaleh.com\/#\/schema\/logo\/image\/\",\"url\":\"http:\/\/valladolidabogados.com\/wp-content\/uploads\/2021\/06\/haleh1.png\",\"contentUrl\":\"http:\/\/valladolidabogados.com\/wp-content\/uploads\/2021\/06\/haleh1.png\",\"width\":1866,\"height\":1085,\"caption\":\"Inmobiliaria Haleh\"},\"image\":{\"@id\":\"https:\/\/inmobiliariahaleh.com\/#\/schema\/logo\/image\/\"},\"sameAs\":[\"https:\/\/www.facebook.com\/InmobiliariaHaleh\",\"https:\/\/www.youtube.com\/channel\/UCLEA_LeNRP8bAEmpX6dezKQ\"]}]}<\/script>\n<!-- \/ Yoast SEO plugin. -->","yoast_head_json":{"title":"Qui\u00e9nes somos &#8211; Inmobiliaria Haleh","description":"Empresa familiar, dedicada a la facilitaci\u00f3n de la compraventa de inmuebles en la zona de Marbella. Nos diferencia nuestro at\u00edpico sistema de trabajo.","robots":{"index":"index","follow":"follow","max-snippet":"max-snippet:-1","max-image-preview":"max-image-preview:large","max-video-preview":"max-video-preview:-1"},"canonical":"https:\/\/inmobiliariahaleh.com\/quienes-somos\/","og_locale":"es_ES","og_type":"article","og_title":"Qui\u00e9nes somos &#8211; Inmobiliaria Haleh","og_description":"Empresa familiar, dedicada a la facilitaci\u00f3n de la compraventa de inmuebles en la zona de Marbella. Nos diferencia nuestro at\u00edpico sistema de trabajo.","og_url":"https:\/\/inmobiliariahaleh.com\/quienes-somos\/","og_site_name":"Inmobiliaria Haleh","article_publisher":"https:\/\/www.facebook.com\/InmobiliariaHaleh","article_modified_time":"2019-09-11T10:34:21+00:00","og_image":[{"width":1024,"height":712,"url":"https:\/\/inmobiliariahaleh.com\/wp-content\/uploads\/2016\/08\/Idea-home-3-1024x712.jpg","type":"image\/jpeg"}],"twitter_card":"summary_large_image","twitter_misc":{"Tiempo de lectura":"4 minutos"},"schema":{"@context":"https:\/\/schema.org","@graph":[{"@type":"WebPage","@id":"https:\/\/inmobiliariahaleh.com\/quienes-somos\/","url":"https:\/\/inmobiliariahaleh.com\/quienes-somos\/","name":"Qui\u00e9nes somos &#8211; Inmobiliaria Haleh","isPartOf":{"@id":"https:\/\/inmobiliariahaleh.com\/#website"},"datePublished":"2017-04-12T11:09:31+00:00","dateModified":"2019-09-11T10:34:21+00:00","description":"Empresa familiar, dedicada a la facilitaci\u00f3n de la compraventa de inmuebles en la zona de Marbella. Nos diferencia nuestro at\u00edpico sistema de trabajo.","breadcrumb":{"@id":"https:\/\/inmobiliariahaleh.com\/quienes-somos\/#breadcrumb"},"inLanguage":"es-AR","potentialAction":[{"@type":"ReadAction","target":["https:\/\/inmobiliariahaleh.com\/quienes-somos\/"]}]},{"@type":"BreadcrumbList","@id":"https:\/\/inmobiliariahaleh.com\/quienes-somos\/#breadcrumb","itemListElement":[{"@type":"ListItem","position":1,"name":"Portada","item":"https:\/\/inmobiliariahaleh.com\/"},{"@type":"ListItem","position":2,"name":"Qui\u00e9nes somos"}]},{"@type":"WebSite","@id":"https:\/\/inmobiliariahaleh.com\/#website","url":"https:\/\/inmobiliariahaleh.com\/","name":"Haleh Inmobiliaria","description":"Compra o vende tu casa en Marbella","publisher":{"@id":"https:\/\/inmobiliariahaleh.com\/#organization"},"potentialAction":[{"@type":"SearchAction","target":{"@type":"EntryPoint","urlTemplate":"https:\/\/inmobiliariahaleh.com\/?s={search_term_string}"},"query-input":"required name=search_term_string"}],"inLanguage":"es-AR"},{"@type":"Organization","@id":"https:\/\/inmobiliariahaleh.com\/#organization","name":"Inmobiliaria Haleh","url":"https:\/\/inmobiliariahaleh.com\/","logo":{"@type":"ImageObject","inLanguage":"es-AR","@id":"https:\/\/inmobiliariahaleh.com\/#\/schema\/logo\/image\/","url":"http:\/\/valladolidabogados.com\/wp-content\/uploads\/2021\/06\/haleh1.png","contentUrl":"http:\/\/valladolidabogados.com\/wp-content\/uploads\/2021\/06\/haleh1.png","width":1866,"height":1085,"caption":"Inmobiliaria Haleh"},"image":{"@id":"https:\/\/inmobiliariahaleh.com\/#\/schema\/logo\/image\/"},"sameAs":["https:\/\/www.facebook.com\/InmobiliariaHaleh","https:\/\/www.youtube.com\/channel\/UCLEA_LeNRP8bAEmpX6dezKQ"]}]}},"_links":{"self":[{"href":"https:\/\/inmobiliariahaleh.com\/fa\/wp-json\/wp\/v2\/pages\/18493"}],"collection":[{"href":"https:\/\/inmobiliariahaleh.com\/fa\/wp-json\/wp\/v2\/pages"}],"about":[{"href":"https:\/\/inmobiliariahaleh.com\/fa\/wp-json\/wp\/v2\/types\/page"}],"author":[{"embeddable":true,"href":"https:\/\/inmobiliariahaleh.com\/fa\/wp-json\/wp\/v2\/users\/1"}],"replies":[{"embeddable":true,"href":"https:\/\/inmobiliariahaleh.com\/fa\/wp-json\/wp\/v2\/comments?post=18493"}],"version-history":[{"count":6,"href":"https:\/\/inmobiliariahaleh.com\/fa\/wp-json\/wp\/v2\/pages\/18493\/revisions"}],"predecessor-version":[{"id":20717,"href":"https:\/\/inmobiliariahaleh.com\/fa\/wp-json\/wp\/v2\/pages\/18493\/revisions\/20717"}],"wp:featuredmedia":[{"embeddable":true,"href":"https:\/\/inmobiliariahaleh.com\/fa\/wp-json\/wp\/v2\/media\/18467"}],"wp:attachment":[{"href":"https:\/\/inmobiliariahaleh.com\/fa\/wp-json\/wp\/v2\/media?parent=18493"}],"curies":[{"name":"wp","href":"https:\/\/api.w.org\/{rel}","templated":true}]}}