{"id":18796,"date":"2017-06-09T14:39:41","date_gmt":"2017-06-09T12:39:41","guid":{"rendered":"http:\/\/valladolidabogados.com\/?page_id=18796"},"modified":"2017-06-09T14:41:27","modified_gmt":"2017-06-09T12:41:27","slug":"politica-de-privacidad","status":"publish","type":"page","link":"https:\/\/inmobiliariahaleh.com\/fa\/politica-de-privacidad\/","title":{"rendered":"Privacidad y aviso legal"},"content":{"rendered":"<div class=\"wpb-content-wrapper\"><p>[vc_row css=&#8221;.vc_custom_1492010682516{padding-top: 50px !important;padding-bottom: 50px !important;}&#8221;][vc_column width=&#8221;1\/6&#8243;][\/vc_column][vc_column width=&#8221;2\/3&#8243;][vc_column_text css_animation=&#8221;fadeIn&#8221;]<\/p>\n<h1>Condiciones generales<\/h1>\n<h3>Privacidad y aviso legal<\/h3>\n<p><strong>Objeto<\/strong><\/p>\n<p>En el presente documento se detallan las condiciones generales que regulan el uso de todos los servicios de la p\u00e1gina web www.inmobiliariahaleh.com (en adelante web) que la asesora inmobiliaria D. \u00aa Haleh Owrang Hamidi, con nombre comercial <em>Inmobiliaria Haleh<\/em>, pone a disposici\u00f3n de los usuarios de internet. Por la mera utilizaci\u00f3n de la web, el usuario expresa una aceptaci\u00f3n plena y sin reservas de las mismas, las cuales podr\u00e1n ser modificadas por Inmobiliaria Haleh en cualquier momento.<\/p>\n<p>&nbsp;<\/p>\n<p>&nbsp;<\/p>\n<p><strong>Exclusi\u00f3n de responsabilidad sobre la informaci\u00f3n gr\u00e1fica en la web<\/strong><\/p>\n<p>Toda la documentaci\u00f3n gr\u00e1fica incluida en esta p\u00e1gina web es meramente orientativa.<\/p>\n<p>&nbsp;<\/p>\n<p><strong>Propiedad intelectual e industrial<\/strong><\/p>\n<p>Todos los contenidos est\u00e1n sujetos a derechos de propiedad industrial e intelectual de Haleh Owrang Hamidi. En ning\u00fan caso el acceso a la web confiere ning\u00fan derecho de utilizaci\u00f3n, alteraci\u00f3n, explotaci\u00f3n, reproducci\u00f3n, distribuci\u00f3n o comunicaci\u00f3n p\u00fablica sobre los contenidos o bienes de propiedad industrial sin la previa y expresa autorizaci\u00f3n espec\u00edficamente otorgada a tal efecto por parte de Haleh Owrang Hamidi; salvo los derechos de visualizar y de realizar copias para uso personal y exclusivo del usuario, los cuales deber\u00e1n ejercerse siempre conforme a los principios de la buena fe y la legislaci\u00f3n aplicable.<\/p>\n<p>&nbsp;<\/p>\n<p><strong>Privacidad y protecci\u00f3n de datos<\/strong><\/p>\n<p>De conformidad con lo dispuesto en la Ley Org\u00e1nica 15\/1999 del 13 de diciembre, referente a la protecci\u00f3n de datos, se informa a los usuarios de que los datos de car\u00e1cter personal que nos proporcionen a trav\u00e9s de esta web se incorporar\u00e1n en ficheros de cuyo tratamiento es responsable Haleh Owrang Hamidi, con domicilio en Urb. Nueva Alc\u00e1ntara, Urb. Almendros II, y ser\u00e1n tratados con la finalidad espec\u00edfica de cada apartado de esta web.<\/p>\n<p>Por la mera solicitud de informaci\u00f3n por este medio, el usuario acepta que los datos de car\u00e1cter personal que nos facilite puedan ser tratados por Inmobiliaria Haleh, a los fines indicados, salvo oposici\u00f3n expresa. En el caso de una negativa a aportar los datos requeridos o de una oposici\u00f3n a su tratamiento, Inmobiliaria Haleh se reserva el derecho a no facilitarle la informaci\u00f3n solicitada.<\/p>\n<p>Los usuarios pueden ejercitar sus derechos de acceso, rectificaci\u00f3n, cancelaci\u00f3n y oposici\u00f3n a los t\u00e9rminos legales mediante un correo electr\u00f3nico a la direcci\u00f3n haleh@valladolidabogados.com, acreditando debidamente su identidad mediante el env\u00edo de una copia a color de su Documento Nacional de Identidad.<\/p>\n<p>&nbsp;<\/p>\n<p><strong>Datos de Inmobiliaria Haleh<\/strong><\/p>\n<p>Seg\u00fan los establecido por la Ley 34\/2002 del 11 de julio sobre Servicios de la Sociedad de la Informaci\u00f3n y de Comercio Electr\u00f3nico, a continuaci\u00f3n se presentan los datos de Inmobiliaria Haleh:<\/p>\n<p>Haleh Owrang Hamidi.<br \/>\nCon domicilio Urb. Nueva Alc\u00e1ntara, Urb. Almendros II, San Pedro de Alc\u00e1ntara (Espa\u00f1a).<br \/>\nNIF 77342865Y<\/p>\n<p>El objeto social de Inmobiliaria Haleh es la promoci\u00f3n, gesti\u00f3n y desarrollo de todo tipo de operaciones de compraventa de viviendas de segunda mano en la zona de Marbella y alrededores.<\/p>\n<p>&nbsp;<\/p>\n<p><strong>Ley aplicable<\/strong><\/p>\n<p>Est\u00e1s condiciones generales se rigen por la ley espa\u00f1ola.<\/p>\n<p>&nbsp;<\/p>\n<p><strong>Contacto<\/strong><\/p>\n<p>Para cualquier consulta en relaci\u00f3n a estas condiciones generales, los usuarios pueden dirigirse a la direcci\u00f3n de correo electr\u00f3nico <a href=\"mailto:haleh@valladolidabogados.com\">haleh@valladolidabogados.com<\/a>.[\/vc_column_text][\/vc_column][vc_column width=&#8221;1\/6&#8243;][\/vc_column][\/vc_row][vc_row bg_type=&#8221;bg_color&#8221; bg_override=&#8221;full&#8221; bg_color_value=&#8221;#70a6d8&#8243; css=&#8221;.vc_custom_1492008712325{margin-bottom: -60px !important;padding-top: 50px !important;padding-bottom: 50px !important;}&#8221;][vc_column width=&#8221;1\/3&#8243;][vc_column_text]<\/p>\n<h3><strong><span style=\"color: #ffffff;\">Cont\u00e1ctanos<\/span><\/strong><\/h3>\n<p>[\/vc_column_text][vc_single_image image=&#8221;18525&#8243; img_size=&#8221;large&#8221;][vc_column_text]<span style=\"color: #ffffff;\">Haleh Owrang<\/span><br \/>\n<span style=\"color: #ffffff;\"><strong>Asesor inmobiliario<br \/>\nhaleh@InmobiliariaHaleh.com<br \/>\n<\/strong>663 345 480<\/span>[\/vc_column_text][\/vc_column][vc_column width=&#8221;2\/3&#8243;]<div class=\"wpestate_estate_property_design_agent   \"><div class=\"agent_contanct_form\"> <h4 id=\"show_contact\">Cont\u00e1ctame<\/h4>\n<div class=\"wpcf7 no-js\" id=\"wpcf7-f18748-o1\" lang=\"es-ES\" dir=\"ltr\">\n<div class=\"screen-reader-response\"><p role=\"status\" aria-live=\"polite\" aria-atomic=\"true\"><\/p> <ul><\/ul><\/div>\n<form action=\"\/fa\/wp-json\/wp\/v2\/pages\/18796#wpcf7-f18748-o1\" method=\"post\" class=\"wpcf7-form init\" aria-label=\"Formulario de contacto\" novalidate=\"novalidate\" data-status=\"init\">\n<div style=\"display: none;\">\n<input type=\"hidden\" name=\"_wpcf7\" value=\"18748\" \/>\n<input type=\"hidden\" name=\"_wpcf7_version\" value=\"5.8.5\" \/>\n<input type=\"hidden\" name=\"_wpcf7_locale\" value=\"es_ES\" \/>\n<input type=\"hidden\" name=\"_wpcf7_unit_tag\" value=\"wpcf7-f18748-o1\" \/>\n<input type=\"hidden\" name=\"_wpcf7_container_post\" value=\"0\" \/>\n<input type=\"hidden\" name=\"_wpcf7_posted_data_hash\" value=\"\" \/>\n<\/div>\n<div id=\"contacto-form\">\n\t<div class=\"row\">\n\t\t<div class=\"col-md-4\">\n\t\t\t<p><span class=\"wpcf7-form-control-wrap\" data-name=\"nombre\"><input size=\"40\" class=\"wpcf7-form-control wpcf7-text wpcf7-validates-as-required\" aria-required=\"true\" aria-invalid=\"false\" placeholder=\"Nombre*\" value=\"\" type=\"text\" name=\"nombre\" \/><\/span>\n\t\t\t<\/p>\n\t\t<\/div>\n\t\t<div class=\"col-md-4\">\n\t\t\t<p><span class=\"wpcf7-form-control-wrap\" data-name=\"email\"><input size=\"40\" class=\"wpcf7-form-control wpcf7-email wpcf7-validates-as-required wpcf7-text wpcf7-validates-as-email\" aria-required=\"true\" aria-invalid=\"false\" placeholder=\"Email*\" value=\"\" type=\"email\" name=\"email\" \/><\/span>\n\t\t\t<\/p>\n\t\t<\/div>\n\t\t<div class=\"col-md-4\">\n\t\t\t<p><span class=\"wpcf7-form-control-wrap\" data-name=\"phone\"><input size=\"40\" class=\"wpcf7-form-control wpcf7-tel wpcf7-text wpcf7-validates-as-tel\" aria-invalid=\"false\" placeholder=\"Tel\u00e9fono\" value=\"\" type=\"tel\" name=\"phone\" \/><\/span>\n\t\t\t<\/p>\n\t\t<\/div>\n\t<\/div>\n\t<div class=\"row\">\n\t\t<div class=\"col-md-12\">\n\t\t\t<p><span class=\"wpcf7-form-control-wrap\" data-name=\"mensaje\"><textarea cols=\"40\" rows=\"4\" class=\"wpcf7-form-control wpcf7-textarea\" aria-invalid=\"false\" placeholder=\"Escriba aqu\u00ed su mensaje.\" name=\"mensaje\"><\/textarea><\/span><br \/>\n<small style=\"color:#fff;\"><em>El env\u00edo del formulario implica la aceptaci\u00f3n de la <a href=\"\/politica-de-privacidad\/\" style=\"color:#fff;\" target=\"_blank\"><u>pol\u00edtica de privacidad de Inmobiliaria Haleh<\/u><\/a>.<\/em><\/small><br \/>\n<input class=\"wpcf7-form-control wpcf7-submit has-spinner\" type=\"submit\" value=\"Enviar mensaje\" \/>\n\t\t\t<\/p>\n\t\t<\/div>\n\t<\/div>\n<\/div><div class=\"wpcf7-response-output\" aria-hidden=\"true\"><\/div>\n<\/form>\n<\/div>\n<\/div><\/div>[\/vc_column][\/vc_row]<\/p>\n<\/div>","protected":false},"excerpt":{"rendered":"<p>[vc_row css=&#8221;.vc_custom_1492010682516{padding-top: 50px !important;padding-bottom: 50px !important;}&#8221;][vc_column width=&#8221;1\/6&#8243;][\/vc_column][vc_column width=&#8221;2\/3&#8243;][vc_column_text css_animation=&#8221;fadeIn&#8221;] Condiciones generales Privacidad y aviso legal Objeto En el presente documento se detallan las condiciones generales que regulan el uso de todos los servicios de la p\u00e1gina web www.inmobiliariahaleh.com (en adelante web) que la asesora inmobiliaria D. \u00aa Haleh Owrang Hamidi, con nombre comercial Inmobiliaria Haleh, pone a disposici\u00f3n de los usuarios de internet. Por &#8230;<\/p>\n","protected":false},"author":1,"featured_media":0,"parent":0,"menu_order":0,"comment_status":"closed","ping_status":"closed","template":"","meta":{"footnotes":""},"yoast_head":"<!-- This site is optimized with the Yoast SEO plugin v21.7 - https:\/\/yoast.com\/wordpress\/plugins\/seo\/ -->\n<title>Privacidad y aviso legal &#8211; Inmobiliaria Haleh<\/title>\n<meta name=\"robots\" content=\"index, follow, max-snippet:-1, max-image-preview:large, max-video-preview:-1\" \/>\n<link rel=\"canonical\" href=\"https:\/\/inmobiliariahaleh.com\/politica-de-privacidad\/\" \/>\n<meta property=\"og:locale\" content=\"es_ES\" \/>\n<meta property=\"og:type\" content=\"article\" \/>\n<meta property=\"og:title\" content=\"Privacidad y aviso legal &#8211; Inmobiliaria Haleh\" \/>\n<meta property=\"og:description\" content=\"[vc_row css=&#8221;.vc_custom_1492010682516{padding-top: 50px !important;padding-bottom: 50px !important;}&#8221;][vc_column width=&#8221;1\/6&#8243;][\/vc_column][vc_column width=&#8221;2\/3&#8243;][vc_column_text css_animation=&#8221;fadeIn&#8221;] Condiciones generales Privacidad y aviso legal Objeto En el presente documento se detallan las condiciones generales que regulan el uso de todos los servicios de la p\u00e1gina web www.inmobiliariahaleh.com (en adelante web) que la asesora inmobiliaria D. \u00aa Haleh Owrang Hamidi, con nombre comercial Inmobiliaria Haleh, pone a disposici\u00f3n de los usuarios de internet. Por ...\" \/>\n<meta property=\"og:url\" content=\"https:\/\/inmobiliariahaleh.com\/politica-de-privacidad\/\" \/>\n<meta property=\"og:site_name\" content=\"Inmobiliaria Haleh\" \/>\n<meta property=\"article:publisher\" content=\"https:\/\/www.facebook.com\/InmobiliariaHaleh\" \/>\n<meta property=\"article:modified_time\" content=\"2017-06-09T12:41:27+00:00\" \/>\n<meta name=\"twitter:card\" content=\"summary_large_image\" \/>\n<meta name=\"twitter:label1\" content=\"Tiempo de lectura\" \/>\n\t<meta name=\"twitter:data1\" content=\"3 minutos\" \/>\n<script type=\"application\/ld+json\" class=\"yoast-schema-graph\">{\"@context\":\"https:\/\/schema.org\",\"@graph\":[{\"@type\":\"WebPage\",\"@id\":\"https:\/\/inmobiliariahaleh.com\/politica-de-privacidad\/\",\"url\":\"https:\/\/inmobiliariahaleh.com\/politica-de-privacidad\/\",\"name\":\"Privacidad y aviso legal &#8211; Inmobiliaria Haleh\",\"isPartOf\":{\"@id\":\"https:\/\/inmobiliariahaleh.com\/#website\"},\"datePublished\":\"2017-06-09T12:39:41+00:00\",\"dateModified\":\"2017-06-09T12:41:27+00:00\",\"breadcrumb\":{\"@id\":\"https:\/\/inmobiliariahaleh.com\/politica-de-privacidad\/#breadcrumb\"},\"inLanguage\":\"es-AR\",\"potentialAction\":[{\"@type\":\"ReadAction\",\"target\":[\"https:\/\/inmobiliariahaleh.com\/politica-de-privacidad\/\"]}]},{\"@type\":\"BreadcrumbList\",\"@id\":\"https:\/\/inmobiliariahaleh.com\/politica-de-privacidad\/#breadcrumb\",\"itemListElement\":[{\"@type\":\"ListItem\",\"position\":1,\"name\":\"Portada\",\"item\":\"https:\/\/inmobiliariahaleh.com\/\"},{\"@type\":\"ListItem\",\"position\":2,\"name\":\"Privacidad y aviso legal\"}]},{\"@type\":\"WebSite\",\"@id\":\"https:\/\/inmobiliariahaleh.com\/#website\",\"url\":\"https:\/\/inmobiliariahaleh.com\/\",\"name\":\"Haleh Inmobiliaria\",\"description\":\"Compra o vende tu casa en Marbella\",\"publisher\":{\"@id\":\"https:\/\/inmobiliariahaleh.com\/#organization\"},\"potentialAction\":[{\"@type\":\"SearchAction\",\"target\":{\"@type\":\"EntryPoint\",\"urlTemplate\":\"https:\/\/inmobiliariahaleh.com\/?s={search_term_string}\"},\"query-input\":\"required name=search_term_string\"}],\"inLanguage\":\"es-AR\"},{\"@type\":\"Organization\",\"@id\":\"https:\/\/inmobiliariahaleh.com\/#organization\",\"name\":\"Inmobiliaria Haleh\",\"url\":\"https:\/\/inmobiliariahaleh.com\/\",\"logo\":{\"@type\":\"ImageObject\",\"inLanguage\":\"es-AR\",\"@id\":\"https:\/\/inmobiliariahaleh.com\/#\/schema\/logo\/image\/\",\"url\":\"http:\/\/valladolidabogados.com\/wp-content\/uploads\/2021\/06\/haleh1.png\",\"contentUrl\":\"http:\/\/valladolidabogados.com\/wp-content\/uploads\/2021\/06\/haleh1.png\",\"width\":1866,\"height\":1085,\"caption\":\"Inmobiliaria Haleh\"},\"image\":{\"@id\":\"https:\/\/inmobiliariahaleh.com\/#\/schema\/logo\/image\/\"},\"sameAs\":[\"https:\/\/www.facebook.com\/InmobiliariaHaleh\",\"https:\/\/www.youtube.com\/channel\/UCLEA_LeNRP8bAEmpX6dezKQ\"]}]}<\/script>\n<!-- \/ Yoast SEO plugin. -->","yoast_head_json":{"title":"Privacidad y aviso legal &#8211; Inmobiliaria Haleh","robots":{"index":"index","follow":"follow","max-snippet":"max-snippet:-1","max-image-preview":"max-image-preview:large","max-video-preview":"max-video-preview:-1"},"canonical":"https:\/\/inmobiliariahaleh.com\/politica-de-privacidad\/","og_locale":"es_ES","og_type":"article","og_title":"Privacidad y aviso legal &#8211; Inmobiliaria Haleh","og_description":"[vc_row css=&#8221;.vc_custom_1492010682516{padding-top: 50px !important;padding-bottom: 50px !important;}&#8221;][vc_column width=&#8221;1\/6&#8243;][\/vc_column][vc_column width=&#8221;2\/3&#8243;][vc_column_text css_animation=&#8221;fadeIn&#8221;] Condiciones generales Privacidad y aviso legal Objeto En el presente documento se detallan las condiciones generales que regulan el uso de todos los servicios de la p\u00e1gina web www.inmobiliariahaleh.com (en adelante web) que la asesora inmobiliaria D. \u00aa Haleh Owrang Hamidi, con nombre comercial Inmobiliaria Haleh, pone a disposici\u00f3n de los usuarios de internet. Por ...","og_url":"https:\/\/inmobiliariahaleh.com\/politica-de-privacidad\/","og_site_name":"Inmobiliaria Haleh","article_publisher":"https:\/\/www.facebook.com\/InmobiliariaHaleh","article_modified_time":"2017-06-09T12:41:27+00:00","twitter_card":"summary_large_image","twitter_misc":{"Tiempo de lectura":"3 minutos"},"schema":{"@context":"https:\/\/schema.org","@graph":[{"@type":"WebPage","@id":"https:\/\/inmobiliariahaleh.com\/politica-de-privacidad\/","url":"https:\/\/inmobiliariahaleh.com\/politica-de-privacidad\/","name":"Privacidad y aviso legal &#8211; Inmobiliaria Haleh","isPartOf":{"@id":"https:\/\/inmobiliariahaleh.com\/#website"},"datePublished":"2017-06-09T12:39:41+00:00","dateModified":"2017-06-09T12:41:27+00:00","breadcrumb":{"@id":"https:\/\/inmobiliariahaleh.com\/politica-de-privacidad\/#breadcrumb"},"inLanguage":"es-AR","potentialAction":[{"@type":"ReadAction","target":["https:\/\/inmobiliariahaleh.com\/politica-de-privacidad\/"]}]},{"@type":"BreadcrumbList","@id":"https:\/\/inmobiliariahaleh.com\/politica-de-privacidad\/#breadcrumb","itemListElement":[{"@type":"ListItem","position":1,"name":"Portada","item":"https:\/\/inmobiliariahaleh.com\/"},{"@type":"ListItem","position":2,"name":"Privacidad y aviso legal"}]},{"@type":"WebSite","@id":"https:\/\/inmobiliariahaleh.com\/#website","url":"https:\/\/inmobiliariahaleh.com\/","name":"Haleh Inmobiliaria","description":"Compra o vende tu casa en Marbella","publisher":{"@id":"https:\/\/inmobiliariahaleh.com\/#organization"},"potentialAction":[{"@type":"SearchAction","target":{"@type":"EntryPoint","urlTemplate":"https:\/\/inmobiliariahaleh.com\/?s={search_term_string}"},"query-input":"required name=search_term_string"}],"inLanguage":"es-AR"},{"@type":"Organization","@id":"https:\/\/inmobiliariahaleh.com\/#organization","name":"Inmobiliaria Haleh","url":"https:\/\/inmobiliariahaleh.com\/","logo":{"@type":"ImageObject","inLanguage":"es-AR","@id":"https:\/\/inmobiliariahaleh.com\/#\/schema\/logo\/image\/","url":"http:\/\/valladolidabogados.com\/wp-content\/uploads\/2021\/06\/haleh1.png","contentUrl":"http:\/\/valladolidabogados.com\/wp-content\/uploads\/2021\/06\/haleh1.png","width":1866,"height":1085,"caption":"Inmobiliaria Haleh"},"image":{"@id":"https:\/\/inmobiliariahaleh.com\/#\/schema\/logo\/image\/"},"sameAs":["https:\/\/www.facebook.com\/InmobiliariaHaleh","https:\/\/www.youtube.com\/channel\/UCLEA_LeNRP8bAEmpX6dezKQ"]}]}},"_links":{"self":[{"href":"https:\/\/inmobiliariahaleh.com\/fa\/wp-json\/wp\/v2\/pages\/18796"}],"collection":[{"href":"https:\/\/inmobiliariahaleh.com\/fa\/wp-json\/wp\/v2\/pages"}],"about":[{"href":"https:\/\/inmobiliariahaleh.com\/fa\/wp-json\/wp\/v2\/types\/page"}],"author":[{"embeddable":true,"href":"https:\/\/inmobiliariahaleh.com\/fa\/wp-json\/wp\/v2\/users\/1"}],"replies":[{"embeddable":true,"href":"https:\/\/inmobiliariahaleh.com\/fa\/wp-json\/wp\/v2\/comments?post=18796"}],"version-history":[{"count":0,"href":"https:\/\/inmobiliariahaleh.com\/fa\/wp-json\/wp\/v2\/pages\/18796\/revisions"}],"wp:attachment":[{"href":"https:\/\/inmobiliariahaleh.com\/fa\/wp-json\/wp\/v2\/media?parent=18796"}],"curies":[{"name":"wp","href":"https:\/\/api.w.org\/{rel}","templated":true}]}}