{"id":18865,"date":"2017-06-23T17:05:20","date_gmt":"2017-06-23T15:05:20","guid":{"rendered":"http:\/\/valladolidabogados.com\/?page_id=18865"},"modified":"2021-07-02T12:05:43","modified_gmt":"2021-07-02T10:05:43","slug":"obra-social","status":"publish","type":"page","link":"https:\/\/inmobiliariahaleh.com\/fa\/obra-social\/","title":{"rendered":"Obra social"},"content":{"rendered":"<div class=\"wpb-content-wrapper\"><p>[vc_row full_width=&#8221;stretch_row_content_no_spaces&#8221;][vc_column][vc_single_image image=&#8221;18866&#8243; img_size=&#8221;full&#8221; alignment=&#8221;center&#8221; el_][\/vc_column][\/vc_row][vc_row css=&#8221;.vc_custom_1494621816112{padding-top: 35px !important;padding-bottom: 50px !important;}&#8221;][vc_column width=&#8221;1\/6&#8243;][\/vc_column][vc_column width=&#8221;2\/3&#8243;][vc_column_text css_animation=&#8221;fadeIn&#8221;]<\/p>\n<h1><strong>Obra social<\/strong><\/h1>\n<p>\u00a0<\/p>\n<p>\u00a0<\/p>\n<p><span style=\"font-weight: 400;\">En Inmobiliaria Haleh estamos deseosos de aportar nuestro granito de arena para la construcci\u00f3n de un mundo m\u00e1s justo. Por este motivo hemos decidido colaborar en <strong>proyectos de acci\u00f3n social<\/strong> que buscan <span style=\"text-decoration: underline;\">generar prosperidad y bienestar social<\/span> en comunidades embarcadas en un proceso de desarrollo incipiente a lo largo de todo el planeta.<\/span><\/p>\n<p>\u00a0<\/p>\n<p><span style=\"font-weight: 400;\">Aunque somos conscientes de que las necesidades en este campo son inagotables, creemos que cada uno debe cumplir con su parte en la medida de sus posibilidades. En nuestro caso, <strong>colaboramos con un 2% de nuestros honorarios de cada venta<\/strong>.<\/span><\/p>\n<p>\u00a0<\/p>\n<p><span style=\"font-weight: 400;\">Deseamos de todo coraz\u00f3n que todo el equipo administrativo, los voluntarios y los que colaboran en estos proyectos de acci\u00f3n social tengan mucho \u00e9xito en su trabajo. <\/span><\/p>\n<p>\u00a0<\/p>\n<p><span style=\"font-weight: 400;\">Finalmente, queremos agradecer tambi\u00e9n a los que nos eligen a nosotros como sus asesores inmobiliarios y nos posibilitan la realizaci\u00f3n nuestra obra social.<\/span>[\/vc_column_text][\/vc_column][vc_column width=&#8221;1\/6&#8243;][\/vc_column][\/vc_row][vc_row bg_type=&#8221;bg_color&#8221; bg_override=&#8221;full&#8221; bg_color_value=&#8221;#70a6d8&#8243; css=&#8221;.vc_custom_1492008712325{margin-bottom: -60px !important;padding-top: 50px !important;padding-bottom: 50px !important;}&#8221;][vc_column width=&#8221;1\/3&#8243;][vc_column_text]<\/p>\n<h3><strong><span style=\"color: #ffffff;\">Cont\u00e1ctanos<\/span><\/strong><\/h3>\n<p>[\/vc_column_text][vc_single_image image=&#8221;18525&#8243; img_size=&#8221;large&#8221;][vc_column_text]<span style=\"color: #ffffff;\">Haleh Owrang<\/span><span style=\"color: #ffffff;\"><strong>Asesora inmobiliariahaleh@InmobiliariaHaleh.com<\/strong>(+34) 654 011 004<\/span>[\/vc_column_text][\/vc_column][vc_column width=&#8221;2\/3&#8243; css=&#8221;.vc_custom_1495705792409{margin-top: 45px !important;}&#8221;]\n<div class=\"wpcf7 no-js\" id=\"wpcf7-f18748-o1\" lang=\"es-ES\" dir=\"ltr\">\n<div class=\"screen-reader-response\"><p role=\"status\" aria-live=\"polite\" aria-atomic=\"true\"><\/p> <ul><\/ul><\/div>\n<form action=\"\/fa\/wp-json\/wp\/v2\/pages\/18865#wpcf7-f18748-o1\" method=\"post\" class=\"wpcf7-form init\" aria-label=\"Formulario de contacto\" novalidate=\"novalidate\" data-status=\"init\">\n<div style=\"display: none;\">\n<input type=\"hidden\" name=\"_wpcf7\" value=\"18748\" \/>\n<input type=\"hidden\" name=\"_wpcf7_version\" value=\"5.8.5\" \/>\n<input type=\"hidden\" name=\"_wpcf7_locale\" value=\"es_ES\" \/>\n<input type=\"hidden\" name=\"_wpcf7_unit_tag\" value=\"wpcf7-f18748-o1\" \/>\n<input type=\"hidden\" name=\"_wpcf7_container_post\" value=\"0\" \/>\n<input type=\"hidden\" name=\"_wpcf7_posted_data_hash\" value=\"\" \/>\n<\/div>\n<div id=\"contacto-form\">\n\t<div class=\"row\">\n\t\t<div class=\"col-md-4\">\n\t\t\t<p><span class=\"wpcf7-form-control-wrap\" data-name=\"nombre\"><input size=\"40\" class=\"wpcf7-form-control wpcf7-text wpcf7-validates-as-required\" aria-required=\"true\" aria-invalid=\"false\" placeholder=\"Nombre*\" value=\"\" type=\"text\" name=\"nombre\" \/><\/span>\n\t\t\t<\/p>\n\t\t<\/div>\n\t\t<div class=\"col-md-4\">\n\t\t\t<p><span class=\"wpcf7-form-control-wrap\" data-name=\"email\"><input size=\"40\" class=\"wpcf7-form-control wpcf7-email wpcf7-validates-as-required wpcf7-text wpcf7-validates-as-email\" aria-required=\"true\" aria-invalid=\"false\" placeholder=\"Email*\" value=\"\" type=\"email\" name=\"email\" \/><\/span>\n\t\t\t<\/p>\n\t\t<\/div>\n\t\t<div class=\"col-md-4\">\n\t\t\t<p><span class=\"wpcf7-form-control-wrap\" data-name=\"phone\"><input size=\"40\" class=\"wpcf7-form-control wpcf7-tel wpcf7-text wpcf7-validates-as-tel\" aria-invalid=\"false\" placeholder=\"Tel\u00e9fono\" value=\"\" type=\"tel\" name=\"phone\" \/><\/span>\n\t\t\t<\/p>\n\t\t<\/div>\n\t<\/div>\n\t<div class=\"row\">\n\t\t<div class=\"col-md-12\">\n\t\t\t<p><span class=\"wpcf7-form-control-wrap\" data-name=\"mensaje\"><textarea cols=\"40\" rows=\"4\" class=\"wpcf7-form-control wpcf7-textarea\" aria-invalid=\"false\" placeholder=\"Escriba aqu\u00ed su mensaje.\" name=\"mensaje\"><\/textarea><\/span><br \/>\n<small style=\"color:#fff;\"><em>El env\u00edo del formulario implica la aceptaci\u00f3n de la <a href=\"\/politica-de-privacidad\/\" style=\"color:#fff;\" target=\"_blank\"><u>pol\u00edtica de privacidad de Inmobiliaria Haleh<\/u><\/a>.<\/em><\/small><br \/>\n<input class=\"wpcf7-form-control wpcf7-submit has-spinner\" type=\"submit\" value=\"Enviar mensaje\" \/>\n\t\t\t<\/p>\n\t\t<\/div>\n\t<\/div>\n<\/div><div class=\"wpcf7-response-output\" aria-hidden=\"true\"><\/div>\n<\/form>\n<\/div>\n[\/vc_column][\/vc_row]<\/p>\n<\/div>","protected":false},"excerpt":{"rendered":"<p>[vc_row full_width=&#8221;stretch_row_content_no_spaces&#8221;][vc_column][vc_single_image image=&#8221;18866&#8243; img_size=&#8221;full&#8221; alignment=&#8221;center&#8221; el_][\/vc_column][\/vc_row][vc_row css=&#8221;.vc_custom_1494621816112{padding-top: 35px !important;padding-bottom: 50px !important;}&#8221;][vc_column width=&#8221;1\/6&#8243;][\/vc_column][vc_column width=&#8221;2\/3&#8243;][vc_column_text css_animation=&#8221;fadeIn&#8221;] Obra social \u00a0 \u00a0 En Inmobiliaria Haleh estamos deseosos de aportar nuestro granito de arena para la construcci\u00f3n de un mundo m\u00e1s justo. Por este motivo hemos decidido colaborar en proyectos de acci\u00f3n social que buscan generar prosperidad y bienestar social en comunidades embarcadas en un proceso de desarrollo incipiente &#8230;<\/p>\n","protected":false},"author":1,"featured_media":0,"parent":0,"menu_order":0,"comment_status":"closed","ping_status":"closed","template":"","meta":{"footnotes":""},"yoast_head":"<!-- This site is optimized with the Yoast SEO plugin v21.7 - https:\/\/yoast.com\/wordpress\/plugins\/seo\/ -->\n<title>Obra social &#8211; Inmobiliaria Haleh<\/title>\n<meta name=\"robots\" content=\"index, follow, max-snippet:-1, max-image-preview:large, max-video-preview:-1\" \/>\n<link rel=\"canonical\" href=\"https:\/\/inmobiliariahaleh.com\/obra-social\/\" \/>\n<meta property=\"og:locale\" content=\"es_ES\" \/>\n<meta property=\"og:type\" content=\"article\" \/>\n<meta property=\"og:title\" content=\"Obra social &#8211; Inmobiliaria Haleh\" \/>\n<meta property=\"og:description\" content=\"[vc_row full_width=&#8221;stretch_row_content_no_spaces&#8221;][vc_column][vc_single_image image=&#8221;18866&#8243; img_size=&#8221;full&#8221; alignment=&#8221;center&#8221; el_][\/vc_column][\/vc_row][vc_row css=&#8221;.vc_custom_1494621816112{padding-top: 35px !important;padding-bottom: 50px !important;}&#8221;][vc_column width=&#8221;1\/6&#8243;][\/vc_column][vc_column width=&#8221;2\/3&#8243;][vc_column_text css_animation=&#8221;fadeIn&#8221;] Obra social \u00a0 \u00a0 En Inmobiliaria Haleh estamos deseosos de aportar nuestro granito de arena para la construcci\u00f3n de un mundo m\u00e1s justo. Por este motivo hemos decidido colaborar en proyectos de acci\u00f3n social que buscan generar prosperidad y bienestar social en comunidades embarcadas en un proceso de desarrollo incipiente ...\" \/>\n<meta property=\"og:url\" content=\"https:\/\/inmobiliariahaleh.com\/obra-social\/\" \/>\n<meta property=\"og:site_name\" content=\"Inmobiliaria Haleh\" \/>\n<meta property=\"article:publisher\" content=\"https:\/\/www.facebook.com\/InmobiliariaHaleh\" \/>\n<meta property=\"article:modified_time\" content=\"2021-07-02T10:05:43+00:00\" \/>\n<meta name=\"twitter:card\" content=\"summary_large_image\" \/>\n<meta name=\"twitter:label1\" content=\"Tiempo de lectura\" \/>\n\t<meta name=\"twitter:data1\" content=\"1 minuto\" \/>\n<script type=\"application\/ld+json\" class=\"yoast-schema-graph\">{\"@context\":\"https:\/\/schema.org\",\"@graph\":[{\"@type\":\"WebPage\",\"@id\":\"https:\/\/inmobiliariahaleh.com\/obra-social\/\",\"url\":\"https:\/\/inmobiliariahaleh.com\/obra-social\/\",\"name\":\"Obra social &#8211; Inmobiliaria Haleh\",\"isPartOf\":{\"@id\":\"https:\/\/inmobiliariahaleh.com\/#website\"},\"datePublished\":\"2017-06-23T15:05:20+00:00\",\"dateModified\":\"2021-07-02T10:05:43+00:00\",\"breadcrumb\":{\"@id\":\"https:\/\/inmobiliariahaleh.com\/obra-social\/#breadcrumb\"},\"inLanguage\":\"es-AR\",\"potentialAction\":[{\"@type\":\"ReadAction\",\"target\":[\"https:\/\/inmobiliariahaleh.com\/obra-social\/\"]}]},{\"@type\":\"BreadcrumbList\",\"@id\":\"https:\/\/inmobiliariahaleh.com\/obra-social\/#breadcrumb\",\"itemListElement\":[{\"@type\":\"ListItem\",\"position\":1,\"name\":\"Portada\",\"item\":\"https:\/\/inmobiliariahaleh.com\/\"},{\"@type\":\"ListItem\",\"position\":2,\"name\":\"Obra social\"}]},{\"@type\":\"WebSite\",\"@id\":\"https:\/\/inmobiliariahaleh.com\/#website\",\"url\":\"https:\/\/inmobiliariahaleh.com\/\",\"name\":\"Haleh Inmobiliaria\",\"description\":\"Compra o vende tu casa en Marbella\",\"publisher\":{\"@id\":\"https:\/\/inmobiliariahaleh.com\/#organization\"},\"potentialAction\":[{\"@type\":\"SearchAction\",\"target\":{\"@type\":\"EntryPoint\",\"urlTemplate\":\"https:\/\/inmobiliariahaleh.com\/?s={search_term_string}\"},\"query-input\":\"required name=search_term_string\"}],\"inLanguage\":\"es-AR\"},{\"@type\":\"Organization\",\"@id\":\"https:\/\/inmobiliariahaleh.com\/#organization\",\"name\":\"Inmobiliaria Haleh\",\"url\":\"https:\/\/inmobiliariahaleh.com\/\",\"logo\":{\"@type\":\"ImageObject\",\"inLanguage\":\"es-AR\",\"@id\":\"https:\/\/inmobiliariahaleh.com\/#\/schema\/logo\/image\/\",\"url\":\"http:\/\/valladolidabogados.com\/wp-content\/uploads\/2021\/06\/haleh1.png\",\"contentUrl\":\"http:\/\/valladolidabogados.com\/wp-content\/uploads\/2021\/06\/haleh1.png\",\"width\":1866,\"height\":1085,\"caption\":\"Inmobiliaria Haleh\"},\"image\":{\"@id\":\"https:\/\/inmobiliariahaleh.com\/#\/schema\/logo\/image\/\"},\"sameAs\":[\"https:\/\/www.facebook.com\/InmobiliariaHaleh\",\"https:\/\/www.youtube.com\/channel\/UCLEA_LeNRP8bAEmpX6dezKQ\"]}]}<\/script>\n<!-- \/ Yoast SEO plugin. -->","yoast_head_json":{"title":"Obra social &#8211; Inmobiliaria Haleh","robots":{"index":"index","follow":"follow","max-snippet":"max-snippet:-1","max-image-preview":"max-image-preview:large","max-video-preview":"max-video-preview:-1"},"canonical":"https:\/\/inmobiliariahaleh.com\/obra-social\/","og_locale":"es_ES","og_type":"article","og_title":"Obra social &#8211; Inmobiliaria Haleh","og_description":"[vc_row full_width=&#8221;stretch_row_content_no_spaces&#8221;][vc_column][vc_single_image image=&#8221;18866&#8243; img_size=&#8221;full&#8221; alignment=&#8221;center&#8221; el_][\/vc_column][\/vc_row][vc_row css=&#8221;.vc_custom_1494621816112{padding-top: 35px !important;padding-bottom: 50px !important;}&#8221;][vc_column width=&#8221;1\/6&#8243;][\/vc_column][vc_column width=&#8221;2\/3&#8243;][vc_column_text css_animation=&#8221;fadeIn&#8221;] Obra social \u00a0 \u00a0 En Inmobiliaria Haleh estamos deseosos de aportar nuestro granito de arena para la construcci\u00f3n de un mundo m\u00e1s justo. Por este motivo hemos decidido colaborar en proyectos de acci\u00f3n social que buscan generar prosperidad y bienestar social en comunidades embarcadas en un proceso de desarrollo incipiente ...","og_url":"https:\/\/inmobiliariahaleh.com\/obra-social\/","og_site_name":"Inmobiliaria Haleh","article_publisher":"https:\/\/www.facebook.com\/InmobiliariaHaleh","article_modified_time":"2021-07-02T10:05:43+00:00","twitter_card":"summary_large_image","twitter_misc":{"Tiempo de lectura":"1 minuto"},"schema":{"@context":"https:\/\/schema.org","@graph":[{"@type":"WebPage","@id":"https:\/\/inmobiliariahaleh.com\/obra-social\/","url":"https:\/\/inmobiliariahaleh.com\/obra-social\/","name":"Obra social &#8211; Inmobiliaria Haleh","isPartOf":{"@id":"https:\/\/inmobiliariahaleh.com\/#website"},"datePublished":"2017-06-23T15:05:20+00:00","dateModified":"2021-07-02T10:05:43+00:00","breadcrumb":{"@id":"https:\/\/inmobiliariahaleh.com\/obra-social\/#breadcrumb"},"inLanguage":"es-AR","potentialAction":[{"@type":"ReadAction","target":["https:\/\/inmobiliariahaleh.com\/obra-social\/"]}]},{"@type":"BreadcrumbList","@id":"https:\/\/inmobiliariahaleh.com\/obra-social\/#breadcrumb","itemListElement":[{"@type":"ListItem","position":1,"name":"Portada","item":"https:\/\/inmobiliariahaleh.com\/"},{"@type":"ListItem","position":2,"name":"Obra social"}]},{"@type":"WebSite","@id":"https:\/\/inmobiliariahaleh.com\/#website","url":"https:\/\/inmobiliariahaleh.com\/","name":"Haleh Inmobiliaria","description":"Compra o vende tu casa en Marbella","publisher":{"@id":"https:\/\/inmobiliariahaleh.com\/#organization"},"potentialAction":[{"@type":"SearchAction","target":{"@type":"EntryPoint","urlTemplate":"https:\/\/inmobiliariahaleh.com\/?s={search_term_string}"},"query-input":"required name=search_term_string"}],"inLanguage":"es-AR"},{"@type":"Organization","@id":"https:\/\/inmobiliariahaleh.com\/#organization","name":"Inmobiliaria Haleh","url":"https:\/\/inmobiliariahaleh.com\/","logo":{"@type":"ImageObject","inLanguage":"es-AR","@id":"https:\/\/inmobiliariahaleh.com\/#\/schema\/logo\/image\/","url":"http:\/\/valladolidabogados.com\/wp-content\/uploads\/2021\/06\/haleh1.png","contentUrl":"http:\/\/valladolidabogados.com\/wp-content\/uploads\/2021\/06\/haleh1.png","width":1866,"height":1085,"caption":"Inmobiliaria Haleh"},"image":{"@id":"https:\/\/inmobiliariahaleh.com\/#\/schema\/logo\/image\/"},"sameAs":["https:\/\/www.facebook.com\/InmobiliariaHaleh","https:\/\/www.youtube.com\/channel\/UCLEA_LeNRP8bAEmpX6dezKQ"]}]}},"_links":{"self":[{"href":"https:\/\/inmobiliariahaleh.com\/fa\/wp-json\/wp\/v2\/pages\/18865"}],"collection":[{"href":"https:\/\/inmobiliariahaleh.com\/fa\/wp-json\/wp\/v2\/pages"}],"about":[{"href":"https:\/\/inmobiliariahaleh.com\/fa\/wp-json\/wp\/v2\/types\/page"}],"author":[{"embeddable":true,"href":"https:\/\/inmobiliariahaleh.com\/fa\/wp-json\/wp\/v2\/users\/1"}],"replies":[{"embeddable":true,"href":"https:\/\/inmobiliariahaleh.com\/fa\/wp-json\/wp\/v2\/comments?post=18865"}],"version-history":[{"count":4,"href":"https:\/\/inmobiliariahaleh.com\/fa\/wp-json\/wp\/v2\/pages\/18865\/revisions"}],"predecessor-version":[{"id":21465,"href":"https:\/\/inmobiliariahaleh.com\/fa\/wp-json\/wp\/v2\/pages\/18865\/revisions\/21465"}],"wp:attachment":[{"href":"https:\/\/inmobiliariahaleh.com\/fa\/wp-json\/wp\/v2\/media?parent=18865"}],"curies":[{"name":"wp","href":"https:\/\/api.w.org\/{rel}","templated":true}]}}