{"id":19196,"date":"2017-11-27T16:39:36","date_gmt":"2017-11-27T15:39:36","guid":{"rendered":"http:\/\/valladolidabogados.com\/?page_id=19196"},"modified":"2018-04-06T18:59:51","modified_gmt":"2018-04-06T16:59:51","slug":"descarga-guia-compradores-2","status":"publish","type":"page","link":"https:\/\/inmobiliariahaleh.com\/fa\/descarga-guia-compradores-2\/","title":{"rendered":"Descarga gu\u00eda compradores"},"content":{"rendered":"<p><span class=\"tve_image_frame\" style=\"width: 100%;\"><a href=\"http:\/\/valladolidabogados.com\/wp-content\/uploads\/2017\/11\/Logo_haleh.png\" rel=\"\"><img loading=\"lazy\" decoding=\"async\" class=\"tve_image wp-image-19205\" alt=\"\" width=\"2113\" height=\"1259\" title=\"Logo_haleh\" data-id=\"19205\" src=\"\/\/valladolidabogados.com\/wp-content\/uploads\/2017\/11\/Logo_haleh.png\" style=\"width: 100%;\" srcset=\"https:\/\/inmobiliariahaleh.com\/wp-content\/uploads\/2017\/11\/Logo_haleh.png 2113w, https:\/\/inmobiliariahaleh.com\/wp-content\/uploads\/2017\/11\/Logo_haleh-300x179.png 300w, https:\/\/inmobiliariahaleh.com\/wp-content\/uploads\/2017\/11\/Logo_haleh-768x458.png 768w, https:\/\/inmobiliariahaleh.com\/wp-content\/uploads\/2017\/11\/Logo_haleh-1024x610.png 1024w\" sizes=\"(max-width: 2113px) 100vw, 2113px\" \/><\/a><\/span><a href=\"javascript:void(0)\" class=\"tve_s_link\"><span class=\"tve_s_icon\"><\/span><span class=\"tve_s_text\">Share<\/span><span class=\"tve_s_count\">0<\/span><\/a><a href=\"javascript:void(0)\" class=\"tve_s_link\"><span class=\"tve_s_icon\"><\/span><span class=\"tve_s_text\">Share +1<\/span><span class=\"tve_s_count\">0<\/span><\/a><a href=\"javascript:void(0)\" class=\"tve_s_link\"><span class=\"tve_s_icon\"><\/span><span class=\"tve_s_text\">Tweet<\/span><span class=\"tve_s_count\">0<\/span><\/a><\/p>\n<h1 data-css=\"tve-u-15df1bff4b2\" style=\"text-align: left;\"><span data-css=\"tve-u-1617a7c8b3b\" style=\"font-family: &quot;Source Sans Pro&quot;;\"><strong>\u200b<\/strong><\/span><span data-css=\"tve-u-1617a7aafb7\" style=\"font-family: Verdana, Geneva, sans-serif;\"><strong class=\"\">GU\u00cdA GRATUITA&nbsp;<\/strong><\/span><span data-css=\"tve-u-1617a7aafb7\" style=\"font-family: Verdana, Geneva, sans-serif;\"><strong class=\"\">\u200b<\/strong><strong class=\"\"><span data-css=\"tve-u-1617a78266d\" style=\"letter-spacing: 0px;\">para comprar una vivienda de manera inteligente<\/span><\/strong><\/span><\/h1>\n<h2 data-css=\"tve-u-15df1c04f57\" style=\"text-align: left;\">\u00bfEst\u00e1s pensando en cambiar de casa?<\/h2>\n<p>En esta gu\u00eda gratuita encontrar\u00e1s las <strong>9 claves<\/strong> imprescindibles para realizar una compra exitosa. A lo largo de sus 14 p\u00e1ginas podr\u00e1s descubrir cu\u00e1les son los elementos m\u00e1s importantes que deber\u00e1s tener en cuenta a la hora de elegir tu casa ideal. \u00a1 No te quedes con la duda y desc\u00e1rgatela ahora mismo!<\/p>\n<p><span class=\"tve_image_frame\" style=\"width: 100%;\"><a href=\"http:\/\/valladolidabogados.com\/wp-content\/uploads\/2017\/11\/template-7-12708631498429101-large.png\" rel=\"\"><img loading=\"lazy\" decoding=\"async\" class=\"tve_image wp-image-19206\" alt=\"\" width=\"1500\" height=\"1650\" title=\"template-7-12708631498429101-large\" data-id=\"19206\" src=\"\/\/valladolidabogados.com\/wp-content\/uploads\/2017\/11\/template-7-12708631498429101-large.png\" style=\"width: 100%;\" srcset=\"https:\/\/inmobiliariahaleh.com\/wp-content\/uploads\/2017\/11\/template-7-12708631498429101-large.png 1500w, https:\/\/inmobiliariahaleh.com\/wp-content\/uploads\/2017\/11\/template-7-12708631498429101-large-273x300.png 273w, https:\/\/inmobiliariahaleh.com\/wp-content\/uploads\/2017\/11\/template-7-12708631498429101-large-768x845.png 768w, https:\/\/inmobiliariahaleh.com\/wp-content\/uploads\/2017\/11\/template-7-12708631498429101-large-931x1024.png 931w\" sizes=\"(max-width: 1500px) 100vw, 1500px\" \/><\/a><\/span><span class=\"tve_image_frame\" style=\"width: 100%;\"><a href=\"http:\/\/valladolidabogados.com\/wp-content\/uploads\/2018\/03\/anuncio-para-idealista.com-foto-mami-.jpg\" rel=\"\"><img loading=\"lazy\" decoding=\"async\" class=\"tve_image wp-image-19598\" alt=\"\" width=\"299\" height=\"456\" title=\"anuncio para idealista.com foto mami\" data-id=\"19598\" src=\"\/\/valladolidabogados.com\/wp-content\/uploads\/2018\/03\/anuncio-para-idealista.com-foto-mami-.jpg\" style=\"width: 100%;\" srcset=\"https:\/\/inmobiliariahaleh.com\/wp-content\/uploads\/2018\/03\/anuncio-para-idealista.com-foto-mami-.jpg 299w, https:\/\/inmobiliariahaleh.com\/wp-content\/uploads\/2018\/03\/anuncio-para-idealista.com-foto-mami--197x300.jpg 197w\" sizes=\"(max-width: 299px) 100vw, 299px\" \/><\/a><\/span>\u00a1DESCARGA TU GU\u00cdA!<span class=\"tve_image_frame\"><img loading=\"lazy\" decoding=\"async\" class=\"tve_image wp-image-212\" alt=\"\" width=\"217\" height=\"185\" title=\"foundation_arrow\" data-id=\"212\" src=\"\/\/valladolidabogados.com\/wp-content\/uploads\/tcb_lp_templates\/templates\/css\/images\/foundation_arrow.png\"><\/span><\/p>\n<p class=\"tve_more_tag\" id=\"more-19196\"><span class=\"tve_no_edit\">More&#8230;<\/span><\/p>\n<p data-css=\"tve-u-161529f6b3c\">Con el material incluido en la gu\u00eda no olvidar\u00e1s revisar ning\u00fan aspecto de la vivienda, ni f\u00edsico ni t\u00e9cnico, antes de la firma del contrato.<\/p>\n<p>Tendr\u00e1s las herramientas para hacer un buen an\u00e1lisis de tu situaci\u00f3n econ\u00f3mica de manera f\u00e1cil y r\u00e1pida y muy precisa.<\/p>\n<p>Sabr\u00e1s TODO lo necesario para elegir con criterio y poder discernir cu\u00e1ndo se te presenta una gran oportunidad que comprar.<\/p>\n<p><span data-can-replace-url=\"phrase\" data-query=\"utm_source=internal&amp;utm_medium=link&amp;utm_campaign=phrase_snippet_wholetext\" data-url-param-0=\"oliver-wendell-holme-para-el-hombre-como-para-el-p\">\u201cPara el hombre, como para el p\u00e1jaro, el mundo tiene muchos sitios donde posarse, pero nidos solamente uno.\u201d<\/span>&nbsp;&nbsp;<em>Oliver <\/em><em>Wendell Holmes Sr.<\/em><\/p>\n<p><span class=\"fr-placeholder\" style=\"font-size: 20px; line-height: 30px; margin-top: 0px; padding-top: 0px; padding-left: 0px; margin-left: 0px; padding-right: 0px; margin-right: 0px; text-align: start;\"><\/span><span><span class=\"thrv_tw_qs_button_text thrv-inline-text tve_editable\">Click to Tweet<\/span><\/span><span class=\"tve_image_frame\" style=\"width: 100%;\"><a href=\"http:\/\/valladolidabogados.com\/wp-content\/uploads\/2018\/03\/template-8-12708631498429101-large.png\" rel=\"\"><img loading=\"lazy\" decoding=\"async\" class=\"tve_image wp-image-19590\" alt=\"\" width=\"1500\" height=\"1650\" title=\"template-8-12708631498429101-large\" data-id=\"19590\" src=\"\/\/valladolidabogados.com\/wp-content\/uploads\/2018\/03\/template-8-12708631498429101-large.png\" style=\"width: 100%;\" srcset=\"https:\/\/inmobiliariahaleh.com\/wp-content\/uploads\/2018\/03\/template-8-12708631498429101-large.png 1500w, https:\/\/inmobiliariahaleh.com\/wp-content\/uploads\/2018\/03\/template-8-12708631498429101-large-273x300.png 273w, https:\/\/inmobiliariahaleh.com\/wp-content\/uploads\/2018\/03\/template-8-12708631498429101-large-768x845.png 768w, https:\/\/inmobiliariahaleh.com\/wp-content\/uploads\/2018\/03\/template-8-12708631498429101-large-931x1024.png 931w\" sizes=\"(max-width: 1500px) 100vw, 1500px\" \/><\/a><\/span><\/p>\n<p>&nbsp;<\/p>\n<p>Este documento&nbsp;re\u00fane todos los conocimientos de los que, como comprador, necesitar\u00e1s disponer&nbsp;para comprar tu casa o piso en Marbella de&nbsp;manera <strong>informada, consciente y tranquila<\/strong>.&nbsp;<\/p>\n<\/p>\n<p>Porque se trata de una decisi\u00f3n demasiado importante como para tomarla sin conocer todas las implicaciones.<\/p>\n<\/p>\n<p>Aprovecha esta oportunidad de prepararte para <strong>comprar tu casa con \u00e9xito.<\/strong><\/p>\n<p>\u00a1DESCARGA TU GU\u00cdA GRATUITA!<\/p>\n<p><a href=\"tel:%3Csmall%3E%28+34%29%3C%2Fsmall%3E+654+011+004\">(+34)&nbsp;654 011 004<\/a><\/p>\n<p><a href=\"mailto:marbella@InmobiliariaHaleh.com\">marbella@InmobiliariaHaleh.com<\/a><\/p>\n<p><a href=\"http:\/\/valladolidabogados.com\/\">www.InmobiliariaHaleh.com<\/a><\/p>\n<p data-css=\"tve-u-15ff41a01d4\"><a href=\"mailto:marbella@InmobiliariaHaleh.com\"><\/a><\/p>\n<p><\/p>","protected":false},"excerpt":{"rendered":"<p>Share0Share +10Tweet0 \u200bGU\u00cdA GRATUITA&nbsp;\u200bpara comprar una vivienda de manera inteligente \u00bfEst\u00e1s pensando en cambiar de casa? En esta gu\u00eda gratuita encontrar\u00e1s las 9 claves imprescindibles para realizar una compra exitosa. A lo largo de sus 14 p\u00e1ginas podr\u00e1s descubrir cu\u00e1les son los elementos m\u00e1s importantes que deber\u00e1s tener en cuenta a la hora de elegir tu casa ideal. \u00a1 No te quedes con la &#8230;<\/p>\n","protected":false},"author":3,"featured_media":0,"parent":0,"menu_order":0,"comment_status":"closed","ping_status":"closed","template":"","meta":{"footnotes":""},"yoast_head":"<!-- This site is optimized with the Yoast SEO plugin v21.7 - https:\/\/yoast.com\/wordpress\/plugins\/seo\/ -->\n<title>Descarga gu\u00eda compradores &#8211; Inmobiliaria Haleh<\/title>\n<meta name=\"robots\" content=\"index, follow, max-snippet:-1, max-image-preview:large, max-video-preview:-1\" \/>\n<link rel=\"canonical\" href=\"https:\/\/inmobiliariahaleh.com\/descarga-guia-compradores-2\/\" \/>\n<meta property=\"og:locale\" content=\"es_ES\" \/>\n<meta property=\"og:type\" content=\"article\" \/>\n<meta property=\"og:title\" content=\"Descarga gu\u00eda compradores &#8211; Inmobiliaria Haleh\" \/>\n<meta property=\"og:description\" content=\"Share0Share +10Tweet0 \u200bGU\u00cdA GRATUITA&nbsp;\u200bpara comprar una vivienda de manera inteligente \u00bfEst\u00e1s pensando en cambiar de casa? En esta gu\u00eda gratuita encontrar\u00e1s las 9 claves imprescindibles para realizar una compra exitosa. A lo largo de sus 14 p\u00e1ginas podr\u00e1s descubrir cu\u00e1les son los elementos m\u00e1s importantes que deber\u00e1s tener en cuenta a la hora de elegir tu casa ideal. \u00a1 No te quedes con la ...\" \/>\n<meta property=\"og:url\" content=\"https:\/\/inmobiliariahaleh.com\/descarga-guia-compradores-2\/\" \/>\n<meta property=\"og:site_name\" content=\"Inmobiliaria Haleh\" \/>\n<meta property=\"article:publisher\" content=\"https:\/\/www.facebook.com\/InmobiliariaHaleh\" \/>\n<meta property=\"article:modified_time\" content=\"2018-04-06T16:59:51+00:00\" \/>\n<meta name=\"twitter:card\" content=\"summary_large_image\" \/>\n<meta name=\"twitter:label1\" content=\"Tiempo de lectura\" \/>\n\t<meta name=\"twitter:data1\" content=\"3 minutos\" \/>\n<script type=\"application\/ld+json\" class=\"yoast-schema-graph\">{\"@context\":\"https:\/\/schema.org\",\"@graph\":[{\"@type\":\"WebPage\",\"@id\":\"https:\/\/inmobiliariahaleh.com\/descarga-guia-compradores-2\/\",\"url\":\"https:\/\/inmobiliariahaleh.com\/descarga-guia-compradores-2\/\",\"name\":\"Descarga gu\u00eda compradores &#8211; Inmobiliaria Haleh\",\"isPartOf\":{\"@id\":\"https:\/\/inmobiliariahaleh.com\/#website\"},\"datePublished\":\"2017-11-27T15:39:36+00:00\",\"dateModified\":\"2018-04-06T16:59:51+00:00\",\"breadcrumb\":{\"@id\":\"https:\/\/inmobiliariahaleh.com\/descarga-guia-compradores-2\/#breadcrumb\"},\"inLanguage\":\"es-AR\",\"potentialAction\":[{\"@type\":\"ReadAction\",\"target\":[\"https:\/\/inmobiliariahaleh.com\/descarga-guia-compradores-2\/\"]}]},{\"@type\":\"BreadcrumbList\",\"@id\":\"https:\/\/inmobiliariahaleh.com\/descarga-guia-compradores-2\/#breadcrumb\",\"itemListElement\":[{\"@type\":\"ListItem\",\"position\":1,\"name\":\"Portada\",\"item\":\"https:\/\/inmobiliariahaleh.com\/\"},{\"@type\":\"ListItem\",\"position\":2,\"name\":\"Descarga gu\u00eda compradores\"}]},{\"@type\":\"WebSite\",\"@id\":\"https:\/\/inmobiliariahaleh.com\/#website\",\"url\":\"https:\/\/inmobiliariahaleh.com\/\",\"name\":\"Haleh Inmobiliaria\",\"description\":\"Compra o vende tu casa en Marbella\",\"publisher\":{\"@id\":\"https:\/\/inmobiliariahaleh.com\/#organization\"},\"potentialAction\":[{\"@type\":\"SearchAction\",\"target\":{\"@type\":\"EntryPoint\",\"urlTemplate\":\"https:\/\/inmobiliariahaleh.com\/?s={search_term_string}\"},\"query-input\":\"required name=search_term_string\"}],\"inLanguage\":\"es-AR\"},{\"@type\":\"Organization\",\"@id\":\"https:\/\/inmobiliariahaleh.com\/#organization\",\"name\":\"Inmobiliaria Haleh\",\"url\":\"https:\/\/inmobiliariahaleh.com\/\",\"logo\":{\"@type\":\"ImageObject\",\"inLanguage\":\"es-AR\",\"@id\":\"https:\/\/inmobiliariahaleh.com\/#\/schema\/logo\/image\/\",\"url\":\"http:\/\/valladolidabogados.com\/wp-content\/uploads\/2021\/06\/haleh1.png\",\"contentUrl\":\"http:\/\/valladolidabogados.com\/wp-content\/uploads\/2021\/06\/haleh1.png\",\"width\":1866,\"height\":1085,\"caption\":\"Inmobiliaria Haleh\"},\"image\":{\"@id\":\"https:\/\/inmobiliariahaleh.com\/#\/schema\/logo\/image\/\"},\"sameAs\":[\"https:\/\/www.facebook.com\/InmobiliariaHaleh\",\"https:\/\/www.youtube.com\/channel\/UCLEA_LeNRP8bAEmpX6dezKQ\"]}]}<\/script>\n<!-- \/ Yoast SEO plugin. -->","yoast_head_json":{"title":"Descarga gu\u00eda compradores &#8211; Inmobiliaria Haleh","robots":{"index":"index","follow":"follow","max-snippet":"max-snippet:-1","max-image-preview":"max-image-preview:large","max-video-preview":"max-video-preview:-1"},"canonical":"https:\/\/inmobiliariahaleh.com\/descarga-guia-compradores-2\/","og_locale":"es_ES","og_type":"article","og_title":"Descarga gu\u00eda compradores &#8211; Inmobiliaria Haleh","og_description":"Share0Share +10Tweet0 \u200bGU\u00cdA GRATUITA&nbsp;\u200bpara comprar una vivienda de manera inteligente \u00bfEst\u00e1s pensando en cambiar de casa? En esta gu\u00eda gratuita encontrar\u00e1s las 9 claves imprescindibles para realizar una compra exitosa. A lo largo de sus 14 p\u00e1ginas podr\u00e1s descubrir cu\u00e1les son los elementos m\u00e1s importantes que deber\u00e1s tener en cuenta a la hora de elegir tu casa ideal. \u00a1 No te quedes con la ...","og_url":"https:\/\/inmobiliariahaleh.com\/descarga-guia-compradores-2\/","og_site_name":"Inmobiliaria Haleh","article_publisher":"https:\/\/www.facebook.com\/InmobiliariaHaleh","article_modified_time":"2018-04-06T16:59:51+00:00","twitter_card":"summary_large_image","twitter_misc":{"Tiempo de lectura":"3 minutos"},"schema":{"@context":"https:\/\/schema.org","@graph":[{"@type":"WebPage","@id":"https:\/\/inmobiliariahaleh.com\/descarga-guia-compradores-2\/","url":"https:\/\/inmobiliariahaleh.com\/descarga-guia-compradores-2\/","name":"Descarga gu\u00eda compradores &#8211; Inmobiliaria Haleh","isPartOf":{"@id":"https:\/\/inmobiliariahaleh.com\/#website"},"datePublished":"2017-11-27T15:39:36+00:00","dateModified":"2018-04-06T16:59:51+00:00","breadcrumb":{"@id":"https:\/\/inmobiliariahaleh.com\/descarga-guia-compradores-2\/#breadcrumb"},"inLanguage":"es-AR","potentialAction":[{"@type":"ReadAction","target":["https:\/\/inmobiliariahaleh.com\/descarga-guia-compradores-2\/"]}]},{"@type":"BreadcrumbList","@id":"https:\/\/inmobiliariahaleh.com\/descarga-guia-compradores-2\/#breadcrumb","itemListElement":[{"@type":"ListItem","position":1,"name":"Portada","item":"https:\/\/inmobiliariahaleh.com\/"},{"@type":"ListItem","position":2,"name":"Descarga gu\u00eda compradores"}]},{"@type":"WebSite","@id":"https:\/\/inmobiliariahaleh.com\/#website","url":"https:\/\/inmobiliariahaleh.com\/","name":"Haleh Inmobiliaria","description":"Compra o vende tu casa en Marbella","publisher":{"@id":"https:\/\/inmobiliariahaleh.com\/#organization"},"potentialAction":[{"@type":"SearchAction","target":{"@type":"EntryPoint","urlTemplate":"https:\/\/inmobiliariahaleh.com\/?s={search_term_string}"},"query-input":"required name=search_term_string"}],"inLanguage":"es-AR"},{"@type":"Organization","@id":"https:\/\/inmobiliariahaleh.com\/#organization","name":"Inmobiliaria Haleh","url":"https:\/\/inmobiliariahaleh.com\/","logo":{"@type":"ImageObject","inLanguage":"es-AR","@id":"https:\/\/inmobiliariahaleh.com\/#\/schema\/logo\/image\/","url":"http:\/\/valladolidabogados.com\/wp-content\/uploads\/2021\/06\/haleh1.png","contentUrl":"http:\/\/valladolidabogados.com\/wp-content\/uploads\/2021\/06\/haleh1.png","width":1866,"height":1085,"caption":"Inmobiliaria Haleh"},"image":{"@id":"https:\/\/inmobiliariahaleh.com\/#\/schema\/logo\/image\/"},"sameAs":["https:\/\/www.facebook.com\/InmobiliariaHaleh","https:\/\/www.youtube.com\/channel\/UCLEA_LeNRP8bAEmpX6dezKQ"]}]}},"_links":{"self":[{"href":"https:\/\/inmobiliariahaleh.com\/fa\/wp-json\/wp\/v2\/pages\/19196"}],"collection":[{"href":"https:\/\/inmobiliariahaleh.com\/fa\/wp-json\/wp\/v2\/pages"}],"about":[{"href":"https:\/\/inmobiliariahaleh.com\/fa\/wp-json\/wp\/v2\/types\/page"}],"author":[{"embeddable":true,"href":"https:\/\/inmobiliariahaleh.com\/fa\/wp-json\/wp\/v2\/users\/3"}],"replies":[{"embeddable":true,"href":"https:\/\/inmobiliariahaleh.com\/fa\/wp-json\/wp\/v2\/comments?post=19196"}],"version-history":[{"count":23,"href":"https:\/\/inmobiliariahaleh.com\/fa\/wp-json\/wp\/v2\/pages\/19196\/revisions"}],"predecessor-version":[{"id":19534,"href":"https:\/\/inmobiliariahaleh.com\/fa\/wp-json\/wp\/v2\/pages\/19196\/revisions\/19534"}],"wp:attachment":[{"href":"https:\/\/inmobiliariahaleh.com\/fa\/wp-json\/wp\/v2\/media?parent=19196"}],"curies":[{"name":"wp","href":"https:\/\/api.w.org\/{rel}","templated":true}]}}