{"id":19306,"date":"2017-12-03T15:42:08","date_gmt":"2017-12-03T14:42:08","guid":{"rendered":"http:\/\/valladolidabogados.com\/?page_id=19306"},"modified":"2017-12-03T15:42:08","modified_gmt":"2017-12-03T14:42:08","slug":"inversion-marbella","status":"publish","type":"page","link":"https:\/\/inmobiliariahaleh.com\/fa\/inversion-marbella\/","title":{"rendered":"Inversi\u00f3n en Marbella"},"content":{"rendered":"<p><span class=\"tve_image_frame\" style=\"width: 100%;\"><a href=\"http:\/\/valladolidabogados.com\/wp-content\/uploads\/2017\/11\/Logo_haleh.png\" rel=\"\"><img fetchpriority=\"high\" decoding=\"async\" class=\"tve_image wp-image-19205\" style=\"width: 100%;\" title=\"Logo_haleh\" src=\"\/\/valladolidabogados.com\/wp-content\/uploads\/2017\/11\/Logo_haleh.png\" alt=\"\" width=\"2113\" height=\"1259\" data-id=\"19205\" srcset=\"https:\/\/inmobiliariahaleh.com\/wp-content\/uploads\/2017\/11\/Logo_haleh.png 2113w, https:\/\/inmobiliariahaleh.com\/wp-content\/uploads\/2017\/11\/Logo_haleh-300x179.png 300w, https:\/\/inmobiliariahaleh.com\/wp-content\/uploads\/2017\/11\/Logo_haleh-768x458.png 768w, https:\/\/inmobiliariahaleh.com\/wp-content\/uploads\/2017\/11\/Logo_haleh-1024x610.png 1024w\" sizes=\"(max-width: 2113px) 100vw, 2113px\" \/><\/a><\/span><\/p>\n<p style=\"text-align: center;\" data-css=\"tve-u-15d9e14ef12\"><span style=\"color: #535353; font-size: 21px; font-family: Aldrich; font-weight: 400;\">Asesoramiento inmobiliario personalizado<\/span><\/p>\n<p style=\"text-align: center;\" data-css=\"tve-u-15d9e14ef12\"><span style=\"color: #ffc600; font-size: 21px; font-family: Aldrich; font-weight: 400;\">Ll\u00e1manos:<\/span><span style=\"color: #535353; font-size: 21px; font-family: Aldrich; font-weight: 400;\">\u00a0\u00a0(+34) 654 011 004<\/span><\/p>\n<h1 style=\"text-align: center;\" data-css=\"tve-u-15da24eacf9\">Si vives en Ja\u00e9n y est\u00e1s pensando en tener unos <span style=\"color: #ffc600;\" data-css=\"tve-u-1601c30bec5\">ingresos extra<\/span>, sigue leyendo<\/h1>\n<p style=\"text-align: center;\">Muchas personas siguen manteniendo sus ahorros en el banco, a\u00fan sabiendo que la realidad es que los bancos no ofrecen apenas rentabilidad con los dep\u00f3sitos y a\u00f1o tras a\u00f1o el dinero no parece moverse. Nosotros ofrecemos una posibilidad mucho m\u00e1s interesante con el que podr\u00e1s obtener <strong>m\u00e1s de un 5% de rentabilidad<\/strong>. \u00bfTe interesa?<\/p>\n<p><a class=\"tcb-button-link tve_evt_manager_listen tve_et_click\" data-tcb-events=\"__TCB_EVENT_[{&quot;config&quot;:{&quot;l_anim&quot;:&quot;instant&quot;,&quot;l_id&quot;:&quot;19300&quot;},&quot;a&quot;:&quot;thrive_lightbox&quot;,&quot;t&quot;:&quot;click&quot;}]_TNEVE_BCT__\"><span class=\"tcb-button-texts\"><span class=\"tcb-button-text thrv-inline-text\">Quiero m\u00e1s informaci\u00f3n<\/span><\/span><\/a><\/p>\n<p style=\"text-align: center;\" data-css=\"tve-u-15d9e14ef12\"><span style=\"color: #2277be; font-size: 21px; font-family: Aldrich; font-weight: 400;\">o ll\u00e1manos directamente:<\/span><span style=\"color: #535353; font-size: 21px; font-family: Aldrich; font-weight: 400;\">(+34) 654 011 004<\/span><\/p>\n<h2 data-css=\"tve-u-1601c3814e4\">Sobre nosotros<\/h2>\n<p>Inmobiliaria Haleh es una empresa familiar, dedicada a\u00a0<strong>la facilitaci\u00f3n de la compraventa de inmuebles en la zona de Marbella<\/strong>\u00a0y alrededores.\u00a0Espec\u00edficamente, trabajamos en el \u00e1rea comprendida entre Cabo Pino y\u00a0<strong>Estepona<\/strong>.<\/p>\n<p>Durante varios a\u00f1os tuvimos una agencia inmobiliaria en Ja\u00e9n capital, zona del Bulevar lo que nos une directamente con esta provincia y sus gentes. Conocemos de primera mano las preocupaciones de los jienenses y tambi\u00e9n las potencialidades que tienen para poder seguir escalando en su nivel de vida.<\/p>\n<p>Por lo tanto, qui\u00e9n mejor que nosotros, expertos en inversiones en la zona de Marbella, para asesorar con absoluta confianza y transparencia.<\/p>\n<p><span class=\"tve_image_frame\" style=\"width: 100%;\"><a href=\"http:\/\/valladolidabogados.com\/wp-content\/uploads\/2017\/11\/Foto-Haleh.jpg\" rel=\"\"><img decoding=\"async\" class=\"tve_image wp-image-19199\" style=\"width: 100%;\" title=\"Foto Haleh\" src=\"\/\/valladolidabogados.com\/wp-content\/uploads\/2017\/11\/Foto-Haleh.jpg\" alt=\"\" width=\"2208\" height=\"3312\" data-id=\"19199\" srcset=\"https:\/\/inmobiliariahaleh.com\/wp-content\/uploads\/2017\/11\/Foto-Haleh.jpg 2208w, https:\/\/inmobiliariahaleh.com\/wp-content\/uploads\/2017\/11\/Foto-Haleh-200x300.jpg 200w, https:\/\/inmobiliariahaleh.com\/wp-content\/uploads\/2017\/11\/Foto-Haleh-768x1152.jpg 768w, https:\/\/inmobiliariahaleh.com\/wp-content\/uploads\/2017\/11\/Foto-Haleh-683x1024.jpg 683w\" sizes=\"(max-width: 2208px) 100vw, 2208px\" \/><\/a><\/span><\/p>\n<h2 data-css=\"tve-u-1601c40f239\">Nuestra propuesta<\/h2>\n<p>Nosotros nos dedicamos a localizar <strong><span style=\"color: #cd2c1a;\">viviendas de alta rentabilidad<\/span><\/strong> para nuestros clientes inversores. Normalmente, es necesaria una inversi\u00f3n de <strong>100.000\u20ac a 150.000\u20ac<\/strong> aproximadamente.<\/p>\n<p>Nosotros nos encargamos de localizar una vivienda adecuada. Previamente, realizamos una valoraci\u00f3n para estar seguros de su valor real en el mercado inmobiliario, estudiamos los documentos de la vivienda, calculamos el precio aproximado por el que se podr\u00eda alquilar el inmueble, teniendo en cuenta factores como la ubicaci\u00f3n, el estado del inmueble, n\u00famero de habitaciones, etc. Y evaluamos la rentabilidad anual de la inversi\u00f3n.<\/p>\n<p>Normalmente, elegimos <strong>zonas que tengan alta demanda de alquiler<\/strong>. Despu\u00e9s de todo esto presentamos nuestro estudio, te informamos acerca de los detalles de la vivienda, la localizaci\u00f3n del inmueble, y al final t\u00fa decides si quieres invertir en dicha vivienda, o si quieres que te localicemos otra vivienda.<\/p>\n<p>Todos los tr\u00e1mites relacionados con el contrato de la vivienda se realizan en el despacho de nuestro abogado para que puedas despejar cualquier duda antes de firmar el contrato de reserva, lo cual entendemos que da clara tranquilidad al comprador.<\/p>\n<ul class=\"tcb-styled-list\">\n<li class=\"thrv-styled-list-item\">check-square<span class=\"tve_editable tcb-styled-list-icon-text tcb-no-delete thrv-advanced-inline-text\" data-css=\"tve-u-1601c58573c\"><strong>S\u00f3lo proponemos viviendas de alta rentabilidad<\/strong><\/span><\/li>\n<li class=\"thrv-styled-list-item\">check-square<span class=\"tve_editable tcb-styled-list-icon-text tcb-no-delete thrv-advanced-inline-text\" data-css=\"tve-u-1601c4a0dea\"><strong>Realizamos una valoraci\u00f3n de todas las viviendas<\/strong><\/span><\/li>\n<li class=\"thrv-styled-list-item\">check-square<span class=\"tve_editable tcb-styled-list-icon-text tcb-no-delete thrv-advanced-inline-text\" data-css=\"tve-u-1601c5815bb\"><strong>Sabr\u00e1s de antemano la rentabilidad anual de la inversi\u00f3n<\/strong><\/span><\/li>\n<\/ul>\n<ul class=\"tcb-styled-list\">\n<li class=\"thrv-styled-list-item\">check-square<span class=\"tve_editable tcb-styled-list-icon-text tcb-no-delete thrv-advanced-inline-text\" data-css=\"tve-u-1601c5994ad\"><strong>Tendr\u00e1s una vivienda a pie de playa o en pleno centro, ya que s\u00f3lo elegimos ubicaciones con alta demanda de alquiler.<\/strong><\/span><\/li>\n<li class=\"thrv-styled-list-item\">check-square<span class=\"tve_editable tcb-styled-list-icon-text tcb-no-delete thrv-advanced-inline-text\" data-css=\"tve-u-1601c5a9617\"><strong>Te beneficiar\u00e1s de un abogado para todas tus dudas acerca del contrato<\/strong><\/span><\/li>\n<\/ul>\n<h1 style=\"text-align: center;\"><span style=\"color: #ffffff;\">\u00bfPor qu\u00e9 elegirnos?<\/span><\/h1>\n<h3 style=\"text-align: center;\">Nuestra experiencia<\/h3>\n<p style=\"text-align: center;\">No todas las viviendas son ideales como inversi\u00f3n. S\u00f3lo alguien con buen ojo para localizar las oportunidades y con la suficiente experiencia en el campo, puede asesorarte para que puedas obtener la mayor rentabilidad posible sin asumir riesgos innecesarios.<\/p>\n<h3 style=\"text-align: center;\">Confianza<\/h3>\n<p style=\"text-align: center;\">Ninguna inmobiliaria en la zona de Marbella tiene la fortuna de poder asegurar que conoce de primera mano las necesidades de los jienenses y las posibilidades que ofrece Marbella para ellos.<\/p>\n<h3 style=\"text-align: center;\">Te ofrecemos un complemento<\/h3>\n<p style=\"text-align: center;\">Sabemos que la distancia puede ser un inconveniente para el inversor y por ello ofrecemos un servicio de posventa opcional con la posibilidad de ayudarles en todo el proceso de alquiler de su vivienda, y en los tr\u00e1mites necesarios entre un alquiler y otro, como puede ser contratar a un servicio de limpieza para tener la vivienda a punto antes de la entrada de los nuevos inquilinos.<\/p>\n<h2>Lo que nuestros clientes dicen<\/h2>\n<p><span class=\"tve_image_frame\"><img decoding=\"async\" class=\"tve_image\" title=\"knowhow-person3\" src=\"\/\/valladolidabogados.com\/wp-content\/uploads\/tcb_lp_templates\/templates\/css\/images\/knowhow-person3.png\" sizes=\"(max-width:160px) 100vw, 160px\" srcset=\"\/\/valladolidabogados.com\/wp-content\/uploads\/tcb_lp_templates\/templates\/css\/images\/knowhow-person3-150x150.png 150w, \/\/valladolidabogados.com\/wp-content\/uploads\/tcb_lp_templates\/templates\/css\/images\/knowhow-person3.png 160w\" alt=\"\" width=\"160\" height=\"160\" data-id=\"253\" \/><\/span><\/p>\n<p><em><span style=\"color: #666666;\">\u201cAliquam molestie id tellus eget commodo. Sed ac nisi turpis. Nullam sit amet ipsum dolor. Ut volutpat erat et lectus eleifend elementum. Mauris dolor nisl, mollis in felis id, ornare posuere est. In hendrerit lacinia nisl vitae tempor. Pellentesque et scelerisque nisl \u201d<\/span><\/em><\/p>\n<p><em><span style=\"color: #666666;\">\u200b<\/span><\/em><\/p>\n<p><span style=\"color: #666666;\"><strong>Neil Larson<\/strong><\/span><\/p>\n<p><span style=\"color: #666666;\">Marketing Expert<\/span><\/p>\n<p><em><span style=\"color: #666666;\">\u201cAliquam molestie id tellus eget commodo. Sed ac nisi turpis. Nullam sit amet ipsum dolor. Ut volutpat erat et lectus eleifend elementum. Mauris dolor nisl, mollis in felis id, ornare posuere est. In hendrerit lacinia nisl vitae tempor. Pellentesque et scelerisque nisl \u201d<\/span><\/em><\/p>\n<p><span style=\"color: #666666;\"><strong>Albert Johnson\u00a0<\/strong><\/span><\/p>\n<p><span style=\"color: #666666;\">Content Optimisation Blogger<\/span><\/p>\n<p><span class=\"tve_image_frame\"><img loading=\"lazy\" decoding=\"async\" class=\"tve_image\" title=\"knowhow-person1\" src=\"\/\/valladolidabogados.com\/wp-content\/uploads\/tcb_lp_templates\/templates\/css\/images\/knowhow-person1.png\" sizes=\"(max-width:160px) 100vw, 160px\" srcset=\"\/\/valladolidabogados.com\/wp-content\/uploads\/tcb_lp_templates\/templates\/css\/images\/knowhow-person1-150x150.png 150w, \/\/valladolidabogados.com\/wp-content\/uploads\/tcb_lp_templates\/templates\/css\/images\/knowhow-person1.png 160w\" alt=\"\" width=\"160\" height=\"160\" data-id=\"251\" \/><\/span><\/p>\n<h1 style=\"text-align: center;\" data-css=\"tve-u-15da24f394d\">\u00bfSigues interesado en obtener unos <span style=\"color: #ffc600;\" data-css=\"tve-u-1601c722977\">ingresos extra<\/span><span style=\"color: #8f8f8f;\" data-css=\"tve-u-1601c71abac\">?<\/span><\/h1>\n<p style=\"text-align: center;\">No pierdas la oportunidad y ponte en contacto con nosotros. Te resolveremos todas tus dudas.<\/p>\n<p><a class=\"tcb-button-link tve_evt_manager_listen tve_et_click\" data-tcb-events=\"__TCB_EVENT_[{&quot;config&quot;:{&quot;l_anim&quot;:&quot;instant&quot;,&quot;l_id&quot;:&quot;19300&quot;},&quot;a&quot;:&quot;thrive_lightbox&quot;,&quot;t&quot;:&quot;click&quot;}]_TNEVE_BCT__\"><span class=\"tcb-button-texts\"><span class=\"tcb-button-text thrv-inline-text\">Quiero saber m\u00e1s<\/span><\/span><\/a><\/p>\n<p style=\"text-align: center;\" data-css=\"tve-u-15d9e14ef12\"><span style=\"color: #ffffff;\" data-css=\"tve-u-1601c5f4fb4\"><span style=\"font-size: 24px; font-family: Aldrich; font-weight: 400;\" data-css=\"tve-u-1601c5f5078\">o<\/span><\/span><\/p>\n<p style=\"text-align: center;\" data-css=\"tve-u-15da24bebf7\"><span style=\"color: #ffc600;\" data-css=\"tve-u-1601c5f511b\"><span style=\"font-size: 40px; font-family: Aldrich; font-weight: 400;\" data-css=\"tve-u-1601c5f51bc\">Ll\u00e1manos al<\/span><\/span><span style=\"color: #ffffff;\" data-css=\"tve-u-1601c5f528b\"><span style=\"font-size: 40px; font-family: Aldrich; font-weight: 400;\" data-css=\"tve-u-1601c5f5348\">\u00a0<\/span><\/span><span style=\"color: #ffffff; font-size: 40px; font-family: Aldrich; font-weight: 400;\" data-css=\"tve-u-1601c5f5401\">(+34) 654 011 004<\/span><\/p>\n<p><span class=\"tve_image_frame\" style=\"width: 100%;\"><a href=\"http:\/\/valladolidabogados.com\/wp-content\/uploads\/2017\/11\/Logo_haleh.png\" rel=\"\"><img fetchpriority=\"high\" decoding=\"async\" class=\"tve_image wp-image-19205\" style=\"width: 100%;\" title=\"Logo_haleh\" src=\"\/\/valladolidabogados.com\/wp-content\/uploads\/2017\/11\/Logo_haleh.png\" alt=\"\" width=\"2113\" height=\"1259\" data-id=\"19205\" srcset=\"https:\/\/inmobiliariahaleh.com\/wp-content\/uploads\/2017\/11\/Logo_haleh.png 2113w, https:\/\/inmobiliariahaleh.com\/wp-content\/uploads\/2017\/11\/Logo_haleh-300x179.png 300w, https:\/\/inmobiliariahaleh.com\/wp-content\/uploads\/2017\/11\/Logo_haleh-768x458.png 768w, https:\/\/inmobiliariahaleh.com\/wp-content\/uploads\/2017\/11\/Logo_haleh-1024x610.png 1024w\" sizes=\"(max-width: 2113px) 100vw, 2113px\" \/><\/a><\/span><\/p>\n<p style=\"text-align: center;\" data-css=\"tve-u-1601c5c5899\">Copyright \u00a9 2017 Haleh Inmobiliaria. Todos los derechos reservados.<\/p>\n","protected":false},"excerpt":{"rendered":"<p>Asesoramiento inmobiliario personalizado Ll\u00e1manos:\u00a0\u00a0(+34) 654 011 004 Si vives en Ja\u00e9n y est\u00e1s pensando en tener unos ingresos extra, sigue leyendo Muchas personas siguen manteniendo sus ahorros en el banco, a\u00fan sabiendo que la realidad es que los bancos no ofrecen apenas rentabilidad con los dep\u00f3sitos y a\u00f1o tras a\u00f1o el dinero no parece moverse. Nosotros ofrecemos una posibilidad mucho m\u00e1s interesante con el &#8230;<\/p>\n","protected":false},"author":3,"featured_media":0,"parent":0,"menu_order":0,"comment_status":"closed","ping_status":"closed","template":"","meta":{"footnotes":""},"yoast_head":"<!-- This site is optimized with the Yoast SEO plugin v21.7 - https:\/\/yoast.com\/wordpress\/plugins\/seo\/ -->\n<title>Inversi\u00f3n en Marbella &#8211; Inmobiliaria Haleh<\/title>\n<meta name=\"robots\" content=\"index, follow, max-snippet:-1, max-image-preview:large, max-video-preview:-1\" \/>\n<link rel=\"canonical\" href=\"https:\/\/inmobiliariahaleh.com\/inversion-marbella\/\" \/>\n<meta property=\"og:locale\" content=\"es_ES\" \/>\n<meta property=\"og:type\" content=\"article\" \/>\n<meta property=\"og:title\" content=\"Inversi\u00f3n en Marbella &#8211; Inmobiliaria Haleh\" \/>\n<meta property=\"og:description\" content=\"Asesoramiento inmobiliario personalizado Ll\u00e1manos:\u00a0\u00a0(+34) 654 011 004 Si vives en Ja\u00e9n y est\u00e1s pensando en tener unos ingresos extra, sigue leyendo Muchas personas siguen manteniendo sus ahorros en el banco, a\u00fan sabiendo que la realidad es que los bancos no ofrecen apenas rentabilidad con los dep\u00f3sitos y a\u00f1o tras a\u00f1o el dinero no parece moverse. Nosotros ofrecemos una posibilidad mucho m\u00e1s interesante con el ...\" \/>\n<meta property=\"og:url\" content=\"https:\/\/inmobiliariahaleh.com\/inversion-marbella\/\" \/>\n<meta property=\"og:site_name\" content=\"Inmobiliaria Haleh\" \/>\n<meta property=\"article:publisher\" content=\"https:\/\/www.facebook.com\/InmobiliariaHaleh\" \/>\n<meta name=\"twitter:card\" content=\"summary_large_image\" \/>\n<meta name=\"twitter:label1\" content=\"Tiempo de lectura\" \/>\n\t<meta name=\"twitter:data1\" content=\"4 minutos\" \/>\n<script type=\"application\/ld+json\" class=\"yoast-schema-graph\">{\"@context\":\"https:\/\/schema.org\",\"@graph\":[{\"@type\":\"WebPage\",\"@id\":\"https:\/\/inmobiliariahaleh.com\/inversion-marbella\/\",\"url\":\"https:\/\/inmobiliariahaleh.com\/inversion-marbella\/\",\"name\":\"Inversi\u00f3n en Marbella &#8211; Inmobiliaria Haleh\",\"isPartOf\":{\"@id\":\"https:\/\/inmobiliariahaleh.com\/#website\"},\"datePublished\":\"2017-12-03T14:42:08+00:00\",\"dateModified\":\"2017-12-03T14:42:08+00:00\",\"breadcrumb\":{\"@id\":\"https:\/\/inmobiliariahaleh.com\/inversion-marbella\/#breadcrumb\"},\"inLanguage\":\"es-AR\",\"potentialAction\":[{\"@type\":\"ReadAction\",\"target\":[\"https:\/\/inmobiliariahaleh.com\/inversion-marbella\/\"]}]},{\"@type\":\"BreadcrumbList\",\"@id\":\"https:\/\/inmobiliariahaleh.com\/inversion-marbella\/#breadcrumb\",\"itemListElement\":[{\"@type\":\"ListItem\",\"position\":1,\"name\":\"Portada\",\"item\":\"https:\/\/inmobiliariahaleh.com\/\"},{\"@type\":\"ListItem\",\"position\":2,\"name\":\"Inversi\u00f3n en Marbella\"}]},{\"@type\":\"WebSite\",\"@id\":\"https:\/\/inmobiliariahaleh.com\/#website\",\"url\":\"https:\/\/inmobiliariahaleh.com\/\",\"name\":\"Haleh Inmobiliaria\",\"description\":\"Compra o vende tu casa en Marbella\",\"publisher\":{\"@id\":\"https:\/\/inmobiliariahaleh.com\/#organization\"},\"potentialAction\":[{\"@type\":\"SearchAction\",\"target\":{\"@type\":\"EntryPoint\",\"urlTemplate\":\"https:\/\/inmobiliariahaleh.com\/?s={search_term_string}\"},\"query-input\":\"required name=search_term_string\"}],\"inLanguage\":\"es-AR\"},{\"@type\":\"Organization\",\"@id\":\"https:\/\/inmobiliariahaleh.com\/#organization\",\"name\":\"Inmobiliaria Haleh\",\"url\":\"https:\/\/inmobiliariahaleh.com\/\",\"logo\":{\"@type\":\"ImageObject\",\"inLanguage\":\"es-AR\",\"@id\":\"https:\/\/inmobiliariahaleh.com\/#\/schema\/logo\/image\/\",\"url\":\"http:\/\/valladolidabogados.com\/wp-content\/uploads\/2021\/06\/haleh1.png\",\"contentUrl\":\"http:\/\/valladolidabogados.com\/wp-content\/uploads\/2021\/06\/haleh1.png\",\"width\":1866,\"height\":1085,\"caption\":\"Inmobiliaria Haleh\"},\"image\":{\"@id\":\"https:\/\/inmobiliariahaleh.com\/#\/schema\/logo\/image\/\"},\"sameAs\":[\"https:\/\/www.facebook.com\/InmobiliariaHaleh\",\"https:\/\/www.youtube.com\/channel\/UCLEA_LeNRP8bAEmpX6dezKQ\"]}]}<\/script>\n<!-- \/ Yoast SEO plugin. -->","yoast_head_json":{"title":"Inversi\u00f3n en Marbella &#8211; Inmobiliaria Haleh","robots":{"index":"index","follow":"follow","max-snippet":"max-snippet:-1","max-image-preview":"max-image-preview:large","max-video-preview":"max-video-preview:-1"},"canonical":"https:\/\/inmobiliariahaleh.com\/inversion-marbella\/","og_locale":"es_ES","og_type":"article","og_title":"Inversi\u00f3n en Marbella &#8211; Inmobiliaria Haleh","og_description":"Asesoramiento inmobiliario personalizado Ll\u00e1manos:\u00a0\u00a0(+34) 654 011 004 Si vives en Ja\u00e9n y est\u00e1s pensando en tener unos ingresos extra, sigue leyendo Muchas personas siguen manteniendo sus ahorros en el banco, a\u00fan sabiendo que la realidad es que los bancos no ofrecen apenas rentabilidad con los dep\u00f3sitos y a\u00f1o tras a\u00f1o el dinero no parece moverse. Nosotros ofrecemos una posibilidad mucho m\u00e1s interesante con el ...","og_url":"https:\/\/inmobiliariahaleh.com\/inversion-marbella\/","og_site_name":"Inmobiliaria Haleh","article_publisher":"https:\/\/www.facebook.com\/InmobiliariaHaleh","twitter_card":"summary_large_image","twitter_misc":{"Tiempo de lectura":"4 minutos"},"schema":{"@context":"https:\/\/schema.org","@graph":[{"@type":"WebPage","@id":"https:\/\/inmobiliariahaleh.com\/inversion-marbella\/","url":"https:\/\/inmobiliariahaleh.com\/inversion-marbella\/","name":"Inversi\u00f3n en Marbella &#8211; Inmobiliaria Haleh","isPartOf":{"@id":"https:\/\/inmobiliariahaleh.com\/#website"},"datePublished":"2017-12-03T14:42:08+00:00","dateModified":"2017-12-03T14:42:08+00:00","breadcrumb":{"@id":"https:\/\/inmobiliariahaleh.com\/inversion-marbella\/#breadcrumb"},"inLanguage":"es-AR","potentialAction":[{"@type":"ReadAction","target":["https:\/\/inmobiliariahaleh.com\/inversion-marbella\/"]}]},{"@type":"BreadcrumbList","@id":"https:\/\/inmobiliariahaleh.com\/inversion-marbella\/#breadcrumb","itemListElement":[{"@type":"ListItem","position":1,"name":"Portada","item":"https:\/\/inmobiliariahaleh.com\/"},{"@type":"ListItem","position":2,"name":"Inversi\u00f3n en Marbella"}]},{"@type":"WebSite","@id":"https:\/\/inmobiliariahaleh.com\/#website","url":"https:\/\/inmobiliariahaleh.com\/","name":"Haleh Inmobiliaria","description":"Compra o vende tu casa en Marbella","publisher":{"@id":"https:\/\/inmobiliariahaleh.com\/#organization"},"potentialAction":[{"@type":"SearchAction","target":{"@type":"EntryPoint","urlTemplate":"https:\/\/inmobiliariahaleh.com\/?s={search_term_string}"},"query-input":"required name=search_term_string"}],"inLanguage":"es-AR"},{"@type":"Organization","@id":"https:\/\/inmobiliariahaleh.com\/#organization","name":"Inmobiliaria Haleh","url":"https:\/\/inmobiliariahaleh.com\/","logo":{"@type":"ImageObject","inLanguage":"es-AR","@id":"https:\/\/inmobiliariahaleh.com\/#\/schema\/logo\/image\/","url":"http:\/\/valladolidabogados.com\/wp-content\/uploads\/2021\/06\/haleh1.png","contentUrl":"http:\/\/valladolidabogados.com\/wp-content\/uploads\/2021\/06\/haleh1.png","width":1866,"height":1085,"caption":"Inmobiliaria Haleh"},"image":{"@id":"https:\/\/inmobiliariahaleh.com\/#\/schema\/logo\/image\/"},"sameAs":["https:\/\/www.facebook.com\/InmobiliariaHaleh","https:\/\/www.youtube.com\/channel\/UCLEA_LeNRP8bAEmpX6dezKQ"]}]}},"_links":{"self":[{"href":"https:\/\/inmobiliariahaleh.com\/fa\/wp-json\/wp\/v2\/pages\/19306"}],"collection":[{"href":"https:\/\/inmobiliariahaleh.com\/fa\/wp-json\/wp\/v2\/pages"}],"about":[{"href":"https:\/\/inmobiliariahaleh.com\/fa\/wp-json\/wp\/v2\/types\/page"}],"author":[{"embeddable":true,"href":"https:\/\/inmobiliariahaleh.com\/fa\/wp-json\/wp\/v2\/users\/3"}],"replies":[{"embeddable":true,"href":"https:\/\/inmobiliariahaleh.com\/fa\/wp-json\/wp\/v2\/comments?post=19306"}],"version-history":[{"count":0,"href":"https:\/\/inmobiliariahaleh.com\/fa\/wp-json\/wp\/v2\/pages\/19306\/revisions"}],"wp:attachment":[{"href":"https:\/\/inmobiliariahaleh.com\/fa\/wp-json\/wp\/v2\/media?parent=19306"}],"curies":[{"name":"wp","href":"https:\/\/api.w.org\/{rel}","templated":true}]}}