{"id":20286,"date":"2019-01-19T15:11:43","date_gmt":"2019-01-19T14:11:43","guid":{"rendered":"http:\/\/valladolidabogados.com\/?page_id=20286"},"modified":"2019-08-09T14:43:55","modified_gmt":"2019-08-09T12:43:55","slug":"vender-33","status":"publish","type":"page","link":"https:\/\/inmobiliariahaleh.com\/fa\/vender-33\/","title":{"rendered":"Vender"},"content":{"rendered":"<div class=\"wpb-content-wrapper\"><p>[vc_row full_width=&#8221;stretch_row&#8221; bg_type=&#8221;bg_color&#8221; bg_color_value=&#8221;#eeeeee&#8221;][vc_column css=&#8221;.vc_custom_1494862899982{padding-top: 10px !important;}&#8221;][ultimate_heading alignment=&#8221;left&#8221; sub_heading_font_size=&#8221;desktop:22px;tablet:16px;&#8221; main_heading_style=&#8221;font-weight:bold;&#8221; main_heading_font_size=&#8221;desktop:36px;&#8221;]<\/p>\n<h1><strong>Vender tu inmueble en Marbella<\/strong><\/h1>\n<p>Queremos ayudarte a encontrar el comprador adecuado para tu vivienda. \u00bfQuieres saber c\u00f3mo lo hacemos?[\/ultimate_heading][vc_single_image image=&#8221;18741&#8243; img_size=&#8221;full&#8221; alignment=&#8221;center&#8221; css_animation=&#8221;fadeIn&#8221; css=&#8221;.vc_custom_1495652906314{padding-top: 15px !important;}&#8221;][\/vc_column][\/vc_row][vc_row full_width=&#8221;stretch_row&#8221; bg_type=&#8221;bg_color&#8221; css=&#8221;.vc_custom_1494851451698{border-bottom-width: 1px !important;padding-bottom: 50px !important;border-bottom-color: #dddddd !important;border-bottom-style: solid !important;}&#8221; bg_color_value=&#8221;#eeeeee&#8221;][vc_column width=&#8221;1\/4&#8243; offset=&#8221;vc_hidden-md vc_hidden-sm vc_hidden-xs&#8221;][vc_single_image image=&#8221;18428&#8243; img_size=&#8221;medium&#8221; alignment=&#8221;center&#8221; css_animation=&#8221;bounceIn&#8221;][\/vc_column][vc_column width=&#8221;3\/4&#8243;][vc_column_text css_animation=&#8221;fadeIn&#8221;]<\/p>\n<h1><b>Nuestro at\u00edpico sistema de trabajo&nbsp;<\/b><\/h1>\n<p><span style=\"font-weight: 400;\">Tanto los portales inmobiliarios como las agencias inmobiliarias convencionales trabajan por un sistema de bases de datos. &nbsp;De este modo, las viviendas quedan a la espera de que un comprador vaya en su busca.<\/span><\/p>\n<p><span style=\"font-weight: 400;\">Con nosotros, tu casa nunca ser\u00e1 una m\u00e1s de \u00abla lista\u00bb. <\/span><\/p>\n<p>&nbsp;<\/p>\n<ul>\n<li style=\"font-weight: 400;\"><b>Seleccionamos cuidadosamente:<\/b><span style=\"font-weight: 400;\"> &nbsp;Solo trabajamos con un <\/span><i><span style=\"font-weight: 400;\">m\u00e1ximo de 10 viviendas<\/span><\/i><span style=\"font-weight: 400;\"> en venta simult\u00e1neamente. Trabajar con pocas viviendas repercute en un proceso de venta m\u00e1s agilizado. <\/span><\/li>\n<li style=\"font-weight: 400;\"><b>Conocemos al detalle:<\/b><span style=\"font-weight: 400;\"> &nbsp;Conocemos a la perfecci\u00f3n las viviendas que tenemos en nuestras manos. Por eso sabemos sacar a relucir sus puntos fuertes y mostr\u00e1rselos directamente al tipo de comprador ideal para la vivienda en cuesti\u00f3n.&nbsp;<\/span><\/li>\n<li><b>Promocionamos activamente cada una de nuestras viviendas.<\/b><span style=\"font-weight: 400;\"> Nos enfocamos al m\u00e1ximo en la b\u00fasqueda de potenciales clientes para nuestra peque\u00f1a selecci\u00f3n de viviendas, a trav\u00e9s de las <\/span><i><span style=\"font-weight: 400;\">redes sociales<\/span><\/i><span style=\"font-weight: 400;\"> y el <\/span><i><span style=\"font-weight: 400;\">marketing online <\/span><\/i><span style=\"font-weight: 400;\">principalmente, adem\u00e1s de en unos<\/span><i><span style=\"font-weight: 400;\"> 70 portales inmobiliarios.<\/span><\/i><\/li>\n<\/ul>\n<p>&nbsp;<\/p>\n<p><b>Sabemos que para cada casa SIEMPRE existen compradores. Nuestro trabajo es encontrarlos y ofrecerles tu vivienda.<\/b>[\/vc_column_text][vc_btn title=&#8221;S\u00ed, quiero contactar&#8221; style=&#8221;flat&#8221; shape=&#8221;square&#8221; color=&#8221;danger&#8221; i_align=&#8221;right&#8221; i_icon_fontawesome=&#8221;fa fa-envelope&#8221; css_animation=&#8221;bounceIn&#8221; add_icon=&#8221;true&#8221; link=&#8221;url:%23contactar|||&#8221; el_class=&#8221;dark-red&#8221; css=&#8221;.vc_custom_1515248097086{margin-top: 0px !important;margin-right: 0px !important;margin-bottom: 0px !important;margin-left: 0px !important;padding-top: 0px !important;padding-right: 0px !important;padding-bottom: 25px !important;padding-left: 0px !important;}&#8221;][vc_column_text css=&#8221;.vc_custom_1515249193497{margin-left: -50px !important;}&#8221;][tc-testimonial category=&#8221;Vendedor&#8221;][\/vc_column_text][\/vc_column][\/vc_row][vc_row css=&#8221;.vc_custom_1492437801800{padding-top: 80px !important;padding-bottom: 50px !important;}&#8221;][vc_column width=&#8221;2\/3&#8243;][vc_column_text css_animation=&#8221;fadeIn&#8221;]<\/p>\n<h1><em>12 claves para vender tu casa con \u00e9xito<\/em><\/h1>\n<h2>GU\u00cdA GRATUITA<\/h2>\n<p>&nbsp;<\/p>\n<p>Esta es una <strong>breve gu\u00eda<\/strong>, indispensable para cualquier persona que quiera vender su inmueble en la zona de <strong>Marbella<\/strong> y alrededores.<\/p>\n<p>Resume de forma clara y precisa <strong>todo lo que necesitar\u00e1s saber<\/strong> para evitarte quebraderos de cabeza y problemas innecesarios.<\/p>\n<p>Invierte un poco de tiempo en leer este manual. Te beneficiar\u00e1.<\/p>\n<p>&nbsp;<\/p>\n<p><span style=\"font-size: 16pt; line-height: 1.3;\"><strong>\u00a1Desc\u00e1rgate la gu\u00eda ahora!<\/strong><\/span><\/p>\n<p>[sibwp_form id=2][\/vc_column_text][\/vc_column][vc_column width=&#8221;1\/3&#8243;][vc_single_image image=&#8221;18609&#8243; img_size=&#8221;large&#8221; alignment=&#8221;right&#8221; css_animation=&#8221;right-to-left&#8221;][\/vc_column][\/vc_row][vc_row bg_type=&#8221;bg_color&#8221; bg_override=&#8221;full&#8221; bg_color_value=&#8221;#70a6d8&#8243; css=&#8221;.vc_custom_1493923209203{margin-bottom: -60px !important;padding-top: 50px !important;padding-bottom: 50px !important;}&#8221; el_id=&#8221;contactar&#8221;][vc_column width=&#8221;1\/3&#8243;][vc_column_text]<\/p>\n<h2><strong><span style=\"color: #ffffff;\">Cont\u00e1ctanos<\/span><\/strong><\/h2>\n<p>[\/vc_column_text][vc_single_image image=&#8221;18525&#8243; img_size=&#8221;large&#8221;][vc_column_text]<span style=\"color: #ffffff;\">Haleh Owrang<\/span><br \/>\n<span style=\"color: #ffffff;\"><strong>Asesora inmobiliaria<br \/>\nhaleh@InmobiliariaHaleh.com<br \/>\n<\/strong>(+34) 654 011 004<\/span>[\/vc_column_text][\/vc_column][vc_column width=&#8221;2\/3&#8243; css=&#8221;.vc_custom_1495704421873{margin-top: 45px !important;}&#8221;]\n<div class=\"wpcf7 no-js\" id=\"wpcf7-f18746-o2\" lang=\"es-ES\" dir=\"ltr\">\n<div class=\"screen-reader-response\"><p role=\"status\" aria-live=\"polite\" aria-atomic=\"true\"><\/p> <ul><\/ul><\/div>\n<form action=\"\/fa\/wp-json\/wp\/v2\/pages\/20286#wpcf7-f18746-o2\" method=\"post\" class=\"wpcf7-form init\" aria-label=\"Formulario de contacto\" novalidate=\"novalidate\" data-status=\"init\">\n<div style=\"display: none;\">\n<input type=\"hidden\" name=\"_wpcf7\" value=\"18746\" \/>\n<input type=\"hidden\" name=\"_wpcf7_version\" value=\"5.8.5\" \/>\n<input type=\"hidden\" name=\"_wpcf7_locale\" value=\"es_ES\" \/>\n<input type=\"hidden\" name=\"_wpcf7_unit_tag\" value=\"wpcf7-f18746-o2\" \/>\n<input type=\"hidden\" name=\"_wpcf7_container_post\" value=\"0\" \/>\n<input type=\"hidden\" name=\"_wpcf7_posted_data_hash\" value=\"\" \/>\n<\/div>\n<div id=\"contacto-form\">\n\t<div class=\"row\">\n\t\t<div class=\"col-md-4\">\n\t\t\t<p><span class=\"wpcf7-form-control-wrap\" data-name=\"nombre\"><input size=\"40\" class=\"wpcf7-form-control wpcf7-text wpcf7-validates-as-required\" aria-required=\"true\" aria-invalid=\"false\" placeholder=\"Nombre*\" value=\"\" type=\"text\" name=\"nombre\" \/><\/span>\n\t\t\t<\/p>\n\t\t<\/div>\n\t\t<div class=\"col-md-4\">\n\t\t\t<p><span class=\"wpcf7-form-control-wrap\" data-name=\"email\"><input size=\"40\" class=\"wpcf7-form-control wpcf7-email wpcf7-validates-as-required wpcf7-text wpcf7-validates-as-email\" aria-required=\"true\" aria-invalid=\"false\" placeholder=\"Email*\" value=\"\" type=\"email\" name=\"email\" \/><\/span>\n\t\t\t<\/p>\n\t\t<\/div>\n\t\t<div class=\"col-md-4\">\n\t\t\t<p><span class=\"wpcf7-form-control-wrap\" data-name=\"phone\"><input size=\"40\" class=\"wpcf7-form-control wpcf7-tel wpcf7-text wpcf7-validates-as-tel\" aria-invalid=\"false\" placeholder=\"Tel\u00e9fono\" value=\"\" type=\"tel\" name=\"phone\" \/><\/span>\n\t\t\t<\/p>\n\t\t<\/div>\n\t<\/div>\n\t<div class=\"row\">\n\t\t<div class=\"col-md-12\">\n\t\t\t<p><span class=\"wpcf7-form-control-wrap\" data-name=\"mensaje\"><textarea cols=\"40\" rows=\"4\" class=\"wpcf7-form-control wpcf7-textarea\" aria-invalid=\"false\" name=\"mensaje\">Quiero vender mi propiedad, que est\u00e1 situada en la zona de Marbella\/Estepona\/Manilva, y estoy interesado en tener una consulta gratuita y sin compromisos.<\/textarea><\/span><br \/>\n<small style=\"color:#fff;\"><em>El env\u00edo del formulario implica la aceptaci\u00f3n de la <a href=\"\/politica-de-privacidad\/\" style=\"color:#fff;\" target=\"_blank\"><u>pol\u00edtica de privacidad de Inmobiliaria Haleh<\/u><\/a>.<\/em><\/small><br \/>\n<input class=\"wpcf7-form-control wpcf7-submit has-spinner\" type=\"submit\" value=\"Enviar mensaje\" \/>\n\t\t\t<\/p>\n\t\t<\/div>\n\t<\/div>\n<\/div><div class=\"wpcf7-response-output\" aria-hidden=\"true\"><\/div>\n<\/form>\n<\/div>\n[\/vc_column][\/vc_row]<\/p>\n<\/div>","protected":false},"excerpt":{"rendered":"<p>[vc_row full_width=&#8221;stretch_row&#8221; bg_type=&#8221;bg_color&#8221; bg_color_value=&#8221;#eeeeee&#8221;][vc_column css=&#8221;.vc_custom_1494862899982{padding-top: 10px !important;}&#8221;][ultimate_heading alignment=&#8221;left&#8221; sub_heading_font_size=&#8221;desktop:22px;tablet:16px;&#8221; main_heading_style=&#8221;font-weight:bold;&#8221; main_heading_font_size=&#8221;desktop:36px;&#8221;] Vender tu inmueble en Marbella Queremos ayudarte a encontrar el comprador adecuado para tu vivienda. \u00bfQuieres saber c\u00f3mo lo hacemos?[\/ultimate_heading][vc_single_image image=&#8221;18741&#8243; img_size=&#8221;full&#8221; alignment=&#8221;center&#8221; css_animation=&#8221;fadeIn&#8221; css=&#8221;.vc_custom_1495652906314{padding-top: 15px !important;}&#8221;][\/vc_column][\/vc_row][vc_row full_width=&#8221;stretch_row&#8221; bg_type=&#8221;bg_color&#8221; css=&#8221;.vc_custom_1494851451698{border-bottom-width: 1px !important;padding-bottom: 50px !important;border-bottom-color: #dddddd !important;border-bottom-style: solid !important;}&#8221; bg_color_value=&#8221;#eeeeee&#8221;][vc_column width=&#8221;1\/4&#8243; offset=&#8221;vc_hidden-md vc_hidden-sm vc_hidden-xs&#8221;][vc_single_image image=&#8221;18428&#8243; img_size=&#8221;medium&#8221; alignment=&#8221;center&#8221; css_animation=&#8221;bounceIn&#8221;][\/vc_column][vc_column width=&#8221;3\/4&#8243;][vc_column_text css_animation=&#8221;fadeIn&#8221;] Nuestro at\u00edpico sistema de &#8230;<\/p>\n","protected":false},"author":1,"featured_media":18467,"parent":0,"menu_order":0,"comment_status":"closed","ping_status":"closed","template":"","meta":{"footnotes":""},"yoast_head":"<!-- This site is optimized with the Yoast SEO plugin v21.7 - https:\/\/yoast.com\/wordpress\/plugins\/seo\/ -->\n<title>Vender &#8211; Inmobiliaria Haleh<\/title>\n<meta name=\"robots\" content=\"index, follow, max-snippet:-1, max-image-preview:large, max-video-preview:-1\" \/>\n<link rel=\"canonical\" href=\"https:\/\/inmobiliariahaleh.com\/vender-33\/\" \/>\n<meta property=\"og:locale\" content=\"es_ES\" \/>\n<meta property=\"og:type\" content=\"article\" \/>\n<meta property=\"og:title\" content=\"Vender &#8211; Inmobiliaria Haleh\" \/>\n<meta property=\"og:description\" content=\"[vc_row full_width=&#8221;stretch_row&#8221; bg_type=&#8221;bg_color&#8221; bg_color_value=&#8221;#eeeeee&#8221;][vc_column css=&#8221;.vc_custom_1494862899982{padding-top: 10px !important;}&#8221;][ultimate_heading alignment=&#8221;left&#8221; sub_heading_font_size=&#8221;desktop:22px;tablet:16px;&#8221; main_heading_style=&#8221;font-weight:bold;&#8221; main_heading_font_size=&#8221;desktop:36px;&#8221;] Vender tu inmueble en Marbella Queremos ayudarte a encontrar el comprador adecuado para tu vivienda. \u00bfQuieres saber c\u00f3mo lo hacemos?[\/ultimate_heading][vc_single_image image=&#8221;18741&#8243; img_size=&#8221;full&#8221; alignment=&#8221;center&#8221; css_animation=&#8221;fadeIn&#8221; css=&#8221;.vc_custom_1495652906314{padding-top: 15px !important;}&#8221;][\/vc_column][\/vc_row][vc_row full_width=&#8221;stretch_row&#8221; bg_type=&#8221;bg_color&#8221; css=&#8221;.vc_custom_1494851451698{border-bottom-width: 1px !important;padding-bottom: 50px !important;border-bottom-color: #dddddd !important;border-bottom-style: solid !important;}&#8221; bg_color_value=&#8221;#eeeeee&#8221;][vc_column width=&#8221;1\/4&#8243; offset=&#8221;vc_hidden-md vc_hidden-sm vc_hidden-xs&#8221;][vc_single_image image=&#8221;18428&#8243; img_size=&#8221;medium&#8221; alignment=&#8221;center&#8221; css_animation=&#8221;bounceIn&#8221;][\/vc_column][vc_column width=&#8221;3\/4&#8243;][vc_column_text css_animation=&#8221;fadeIn&#8221;] Nuestro at\u00edpico sistema de ...\" \/>\n<meta property=\"og:url\" content=\"https:\/\/inmobiliariahaleh.com\/vender-33\/\" \/>\n<meta property=\"og:site_name\" content=\"Inmobiliaria Haleh\" \/>\n<meta property=\"article:publisher\" content=\"https:\/\/www.facebook.com\/InmobiliariaHaleh\" \/>\n<meta property=\"article:modified_time\" content=\"2019-08-09T12:43:55+00:00\" \/>\n<meta property=\"og:image\" content=\"https:\/\/inmobiliariahaleh.com\/wp-content\/uploads\/2016\/08\/Idea-home-3-1024x712.jpg\" \/>\n\t<meta property=\"og:image:width\" content=\"1024\" \/>\n\t<meta property=\"og:image:height\" content=\"712\" \/>\n\t<meta property=\"og:image:type\" content=\"image\/jpeg\" \/>\n<meta name=\"twitter:card\" content=\"summary_large_image\" \/>\n<meta name=\"twitter:label1\" content=\"Tiempo de lectura\" \/>\n\t<meta name=\"twitter:data1\" content=\"8 minutos\" \/>\n<script type=\"application\/ld+json\" class=\"yoast-schema-graph\">{\"@context\":\"https:\/\/schema.org\",\"@graph\":[{\"@type\":\"WebPage\",\"@id\":\"https:\/\/inmobiliariahaleh.com\/vender-33\/\",\"url\":\"https:\/\/inmobiliariahaleh.com\/vender-33\/\",\"name\":\"Vender &#8211; Inmobiliaria Haleh\",\"isPartOf\":{\"@id\":\"https:\/\/inmobiliariahaleh.com\/#website\"},\"datePublished\":\"2019-01-19T14:11:43+00:00\",\"dateModified\":\"2019-08-09T12:43:55+00:00\",\"breadcrumb\":{\"@id\":\"https:\/\/inmobiliariahaleh.com\/vender-33\/#breadcrumb\"},\"inLanguage\":\"es-AR\",\"potentialAction\":[{\"@type\":\"ReadAction\",\"target\":[\"https:\/\/inmobiliariahaleh.com\/vender-33\/\"]}]},{\"@type\":\"BreadcrumbList\",\"@id\":\"https:\/\/inmobiliariahaleh.com\/vender-33\/#breadcrumb\",\"itemListElement\":[{\"@type\":\"ListItem\",\"position\":1,\"name\":\"Portada\",\"item\":\"https:\/\/inmobiliariahaleh.com\/\"},{\"@type\":\"ListItem\",\"position\":2,\"name\":\"Vender\"}]},{\"@type\":\"WebSite\",\"@id\":\"https:\/\/inmobiliariahaleh.com\/#website\",\"url\":\"https:\/\/inmobiliariahaleh.com\/\",\"name\":\"Haleh Inmobiliaria\",\"description\":\"Compra o vende tu casa en Marbella\",\"publisher\":{\"@id\":\"https:\/\/inmobiliariahaleh.com\/#organization\"},\"potentialAction\":[{\"@type\":\"SearchAction\",\"target\":{\"@type\":\"EntryPoint\",\"urlTemplate\":\"https:\/\/inmobiliariahaleh.com\/?s={search_term_string}\"},\"query-input\":\"required name=search_term_string\"}],\"inLanguage\":\"es-AR\"},{\"@type\":\"Organization\",\"@id\":\"https:\/\/inmobiliariahaleh.com\/#organization\",\"name\":\"Inmobiliaria Haleh\",\"url\":\"https:\/\/inmobiliariahaleh.com\/\",\"logo\":{\"@type\":\"ImageObject\",\"inLanguage\":\"es-AR\",\"@id\":\"https:\/\/inmobiliariahaleh.com\/#\/schema\/logo\/image\/\",\"url\":\"http:\/\/valladolidabogados.com\/wp-content\/uploads\/2021\/06\/haleh1.png\",\"contentUrl\":\"http:\/\/valladolidabogados.com\/wp-content\/uploads\/2021\/06\/haleh1.png\",\"width\":1866,\"height\":1085,\"caption\":\"Inmobiliaria Haleh\"},\"image\":{\"@id\":\"https:\/\/inmobiliariahaleh.com\/#\/schema\/logo\/image\/\"},\"sameAs\":[\"https:\/\/www.facebook.com\/InmobiliariaHaleh\",\"https:\/\/www.youtube.com\/channel\/UCLEA_LeNRP8bAEmpX6dezKQ\"]}]}<\/script>\n<!-- \/ Yoast SEO plugin. -->","yoast_head_json":{"title":"Vender &#8211; Inmobiliaria Haleh","robots":{"index":"index","follow":"follow","max-snippet":"max-snippet:-1","max-image-preview":"max-image-preview:large","max-video-preview":"max-video-preview:-1"},"canonical":"https:\/\/inmobiliariahaleh.com\/vender-33\/","og_locale":"es_ES","og_type":"article","og_title":"Vender &#8211; Inmobiliaria Haleh","og_description":"[vc_row full_width=&#8221;stretch_row&#8221; bg_type=&#8221;bg_color&#8221; bg_color_value=&#8221;#eeeeee&#8221;][vc_column css=&#8221;.vc_custom_1494862899982{padding-top: 10px !important;}&#8221;][ultimate_heading alignment=&#8221;left&#8221; sub_heading_font_size=&#8221;desktop:22px;tablet:16px;&#8221; main_heading_style=&#8221;font-weight:bold;&#8221; main_heading_font_size=&#8221;desktop:36px;&#8221;] Vender tu inmueble en Marbella Queremos ayudarte a encontrar el comprador adecuado para tu vivienda. \u00bfQuieres saber c\u00f3mo lo hacemos?[\/ultimate_heading][vc_single_image image=&#8221;18741&#8243; img_size=&#8221;full&#8221; alignment=&#8221;center&#8221; css_animation=&#8221;fadeIn&#8221; css=&#8221;.vc_custom_1495652906314{padding-top: 15px !important;}&#8221;][\/vc_column][\/vc_row][vc_row full_width=&#8221;stretch_row&#8221; bg_type=&#8221;bg_color&#8221; css=&#8221;.vc_custom_1494851451698{border-bottom-width: 1px !important;padding-bottom: 50px !important;border-bottom-color: #dddddd !important;border-bottom-style: solid !important;}&#8221; bg_color_value=&#8221;#eeeeee&#8221;][vc_column width=&#8221;1\/4&#8243; offset=&#8221;vc_hidden-md vc_hidden-sm vc_hidden-xs&#8221;][vc_single_image image=&#8221;18428&#8243; img_size=&#8221;medium&#8221; alignment=&#8221;center&#8221; css_animation=&#8221;bounceIn&#8221;][\/vc_column][vc_column width=&#8221;3\/4&#8243;][vc_column_text css_animation=&#8221;fadeIn&#8221;] Nuestro at\u00edpico sistema de ...","og_url":"https:\/\/inmobiliariahaleh.com\/vender-33\/","og_site_name":"Inmobiliaria Haleh","article_publisher":"https:\/\/www.facebook.com\/InmobiliariaHaleh","article_modified_time":"2019-08-09T12:43:55+00:00","og_image":[{"width":1024,"height":712,"url":"https:\/\/inmobiliariahaleh.com\/wp-content\/uploads\/2016\/08\/Idea-home-3-1024x712.jpg","type":"image\/jpeg"}],"twitter_card":"summary_large_image","twitter_misc":{"Tiempo de lectura":"8 minutos"},"schema":{"@context":"https:\/\/schema.org","@graph":[{"@type":"WebPage","@id":"https:\/\/inmobiliariahaleh.com\/vender-33\/","url":"https:\/\/inmobiliariahaleh.com\/vender-33\/","name":"Vender &#8211; Inmobiliaria Haleh","isPartOf":{"@id":"https:\/\/inmobiliariahaleh.com\/#website"},"datePublished":"2019-01-19T14:11:43+00:00","dateModified":"2019-08-09T12:43:55+00:00","breadcrumb":{"@id":"https:\/\/inmobiliariahaleh.com\/vender-33\/#breadcrumb"},"inLanguage":"es-AR","potentialAction":[{"@type":"ReadAction","target":["https:\/\/inmobiliariahaleh.com\/vender-33\/"]}]},{"@type":"BreadcrumbList","@id":"https:\/\/inmobiliariahaleh.com\/vender-33\/#breadcrumb","itemListElement":[{"@type":"ListItem","position":1,"name":"Portada","item":"https:\/\/inmobiliariahaleh.com\/"},{"@type":"ListItem","position":2,"name":"Vender"}]},{"@type":"WebSite","@id":"https:\/\/inmobiliariahaleh.com\/#website","url":"https:\/\/inmobiliariahaleh.com\/","name":"Haleh Inmobiliaria","description":"Compra o vende tu casa en Marbella","publisher":{"@id":"https:\/\/inmobiliariahaleh.com\/#organization"},"potentialAction":[{"@type":"SearchAction","target":{"@type":"EntryPoint","urlTemplate":"https:\/\/inmobiliariahaleh.com\/?s={search_term_string}"},"query-input":"required name=search_term_string"}],"inLanguage":"es-AR"},{"@type":"Organization","@id":"https:\/\/inmobiliariahaleh.com\/#organization","name":"Inmobiliaria Haleh","url":"https:\/\/inmobiliariahaleh.com\/","logo":{"@type":"ImageObject","inLanguage":"es-AR","@id":"https:\/\/inmobiliariahaleh.com\/#\/schema\/logo\/image\/","url":"http:\/\/valladolidabogados.com\/wp-content\/uploads\/2021\/06\/haleh1.png","contentUrl":"http:\/\/valladolidabogados.com\/wp-content\/uploads\/2021\/06\/haleh1.png","width":1866,"height":1085,"caption":"Inmobiliaria Haleh"},"image":{"@id":"https:\/\/inmobiliariahaleh.com\/#\/schema\/logo\/image\/"},"sameAs":["https:\/\/www.facebook.com\/InmobiliariaHaleh","https:\/\/www.youtube.com\/channel\/UCLEA_LeNRP8bAEmpX6dezKQ"]}]}},"_links":{"self":[{"href":"https:\/\/inmobiliariahaleh.com\/fa\/wp-json\/wp\/v2\/pages\/20286"}],"collection":[{"href":"https:\/\/inmobiliariahaleh.com\/fa\/wp-json\/wp\/v2\/pages"}],"about":[{"href":"https:\/\/inmobiliariahaleh.com\/fa\/wp-json\/wp\/v2\/types\/page"}],"author":[{"embeddable":true,"href":"https:\/\/inmobiliariahaleh.com\/fa\/wp-json\/wp\/v2\/users\/1"}],"replies":[{"embeddable":true,"href":"https:\/\/inmobiliariahaleh.com\/fa\/wp-json\/wp\/v2\/comments?post=20286"}],"version-history":[{"count":12,"href":"https:\/\/inmobiliariahaleh.com\/fa\/wp-json\/wp\/v2\/pages\/20286\/revisions"}],"predecessor-version":[{"id":20438,"href":"https:\/\/inmobiliariahaleh.com\/fa\/wp-json\/wp\/v2\/pages\/20286\/revisions\/20438"}],"wp:featuredmedia":[{"embeddable":true,"href":"https:\/\/inmobiliariahaleh.com\/fa\/wp-json\/wp\/v2\/media\/18467"}],"wp:attachment":[{"href":"https:\/\/inmobiliariahaleh.com\/fa\/wp-json\/wp\/v2\/media?parent=20286"}],"curies":[{"name":"wp","href":"https:\/\/api.w.org\/{rel}","templated":true}]}}